{"id":6189,"date":"2024-09-18T08:01:44","date_gmt":"2024-09-18T08:01:44","guid":{"rendered":"https:\/\/welcometogelisim.org\/?page_id=6189"},"modified":"2024-09-18T08:03:10","modified_gmt":"2024-09-18T08:03:10","slug":"transportation","status":"publish","type":"page","link":"https:\/\/welcometogelisim.org\/en\/transportation\/","title":{"rendered":"Transportation"},"content":{"rendered":"\t\t<div data-elementor-type=\"wp-page\" data-elementor-id=\"6189\" class=\"elementor elementor-6189\" data-elementor-settings=\"{&quot;ha_cmc_init_switcher&quot;:&quot;no&quot;}\" data-elementor-post-type=\"page\">\n\t\t\t\t\t\t<section class=\"elementor-section elementor-top-section elementor-element elementor-element-69dfd5d elementor-section-height-min-height elementor-section-boxed elementor-section-height-default elementor-section-items-middle\" data-id=\"69dfd5d\" data-element_type=\"section\" data-e-type=\"section\" data-settings=\"{&quot;background_background&quot;:&quot;classic&quot;,&quot;_ha_eqh_enable&quot;:false}\">\n\t\t\t\t\t\t\t<div class=\"elementor-background-overlay\"><\/div>\n\t\t\t\t\t\t\t<div class=\"elementor-container elementor-column-gap-default\">\n\t\t\t\t\t<div class=\"elementor-column elementor-col-100 elementor-top-column elementor-element elementor-element-ee0a1a5\" data-id=\"ee0a1a5\" data-element_type=\"column\" data-e-type=\"column\">\n\t\t\t<div class=\"elementor-widget-wrap elementor-element-populated\">\n\t\t\t\t\t\t<div class=\"elementor-element elementor-element-c0a7a48 elementor-widget elementor-widget-ha-page-title happy-addon ha-page-title\" data-id=\"c0a7a48\" data-element_type=\"widget\" data-e-type=\"widget\" data-widget_type=\"ha-page-title.default\">\n\t\t\t\t\t\t<div class=\"elementor-widget-container\">\n\t\t\t\t\t<h2 class=\"ha-page-title elementor-size-default\">Transportation<\/h2>\t\t\t\t<\/div>\n\t\t\t\t<\/div>\n\t\t\t\t<div class=\"elementor-element elementor-element-48833cc elementor-widget elementor-widget-ha-breadcrumbs happy-addon ha-breadcrumbs happy-addon-pro\" data-id=\"48833cc\" data-element_type=\"widget\" data-e-type=\"widget\" data-widget_type=\"ha-breadcrumbs.default\">\n\t\t\t\t\t\t<div class=\"elementor-widget-container\">\n\t\t\t\t\t<ul class=\"ha-breadcrumbs\"><li class=\"ha-breadcrumbs-item ha-breadcrumbs-start\"><a href=\"https:\/\/welcometogelisim.org\/en\/\" rel=\"home\"><span class=\"ha-breadcrumbs-text\"><span class=\"ha-breadcrumbs-home-icon\"><span class=\"fas fa-home\" aria-hidden=\"true\"><\/span><\/span>Home Page<\/span><\/a><\/li><\/ul>\t\t\t\t<\/div>\n\t\t\t\t<\/div>\n\t\t\t\t\t<\/div>\n\t\t<\/div>\n\t\t\t\t\t<\/div>\n\t\t<\/section>\n\t\t\t\t<section class=\"elementor-section elementor-top-section elementor-element elementor-element-d4e2c8a elementor-section-boxed elementor-section-height-default elementor-section-height-default\" data-id=\"d4e2c8a\" data-element_type=\"section\" data-e-type=\"section\" data-settings=\"{&quot;_ha_eqh_enable&quot;:false}\">\n\t\t\t\t\t\t<div class=\"elementor-container elementor-column-gap-default\">\n\t\t\t\t\t<div class=\"elementor-column elementor-col-100 elementor-top-column elementor-element elementor-element-5489a95\" data-id=\"5489a95\" data-element_type=\"column\" data-e-type=\"column\">\n\t\t\t<div class=\"elementor-widget-wrap elementor-element-populated\">\n\t\t\t\t\t\t<div class=\"elementor-element elementor-element-f47b9ee elementor-widget elementor-widget-spacer\" data-id=\"f47b9ee\" data-element_type=\"widget\" data-e-type=\"widget\" data-widget_type=\"spacer.default\">\n\t\t\t\t\t\t<div class=\"elementor-widget-container\">\n\t\t\t\t\t\t\t<div class=\"elementor-spacer\">\n\t\t\t<div class=\"elementor-spacer-inner\"><\/div>\n\t\t<\/div>\n\t\t\t\t\t\t<\/div>\n\t\t\t\t<\/div>\n\t\t\t\t<div class=\"elementor-element elementor-element-7c59c3b elementor-headline--style-highlight elementor-widget elementor-widget-animated-headline\" data-id=\"7c59c3b\" data-element_type=\"widget\" data-e-type=\"widget\" data-settings=\"{&quot;highlighted_text&quot;:&quot;Student Istanbul Card&quot;,&quot;marker&quot;:&quot;double_underline&quot;,&quot;headline_style&quot;:&quot;highlight&quot;,&quot;loop&quot;:&quot;yes&quot;,&quot;highlight_animation_duration&quot;:1200,&quot;highlight_iteration_delay&quot;:8000}\" data-widget_type=\"animated-headline.default\">\n\t\t\t\t\t\t<div class=\"elementor-widget-container\">\n\t\t\t\t\t\t\t<h3 class=\"elementor-headline\">\n\t\t\t\t<span class=\"elementor-headline-dynamic-wrapper elementor-headline-text-wrapper\">\n\t\t\t\t\t<span class=\"elementor-headline-dynamic-text elementor-headline-text-active\">Student Istanbul Card<\/span>\n\t\t\t\t<\/span>\n\t\t\t\t<\/h3>\n\t\t\t\t\t\t<\/div>\n\t\t\t\t<\/div>\n\t\t\t\t\t<\/div>\n\t\t<\/div>\n\t\t\t\t\t<\/div>\n\t\t<\/section>\n\t\t\t\t<section class=\"elementor-section elementor-top-section elementor-element elementor-element-1e16da5 elementor-section-boxed elementor-section-height-default elementor-section-height-default\" data-id=\"1e16da5\" data-element_type=\"section\" data-e-type=\"section\" data-settings=\"{&quot;_ha_eqh_enable&quot;:false}\">\n\t\t\t\t\t\t<div class=\"elementor-container elementor-column-gap-default\">\n\t\t\t\t\t<div class=\"elementor-column elementor-col-100 elementor-top-column elementor-element elementor-element-975f418\" data-id=\"975f418\" data-element_type=\"column\" data-e-type=\"column\">\n\t\t\t<div class=\"elementor-widget-wrap elementor-element-populated\">\n\t\t\t\t\t\t<div class=\"elementor-element elementor-element-59e791a elementor-widget elementor-widget-text-editor\" data-id=\"59e791a\" data-element_type=\"widget\" data-e-type=\"widget\" data-widget_type=\"text-editor.default\">\n\t\t\t\t\t\t<div class=\"elementor-widget-container\">\n\t\t\t\t\t\t\t\t\t<p><span style=\"color: #000000;\">When traveling in Istanbul, you can use many public transportation options. To do this, you need to have an Istanbulkart. If you are a student, you can use a discounted Student Card to travel at more affordable rates.<\/span><\/p><p><span style=\"color: #000000;\">To obtain a Student Card, and to get your Istanbul Discounted Travel Cards (\u0130ETT), you can apply in person by visiting one of the Istanbulkart Application Centers <span style=\"color: #ff0000;\">(<a style=\"color: #ff0000;\" href=\"https:\/\/www.istanbulkart.istanbul\/basvuru-merkezleri\" target=\"_blank\" rel=\"noopener\">https:\/\/www.istanbulkart.istanbul\/basvuru-merkezleri<\/a>)<\/span> with your student certificate, original ID, and a recent photo, or you can apply online through <span style=\"color: #ff0000;\"><a style=\"color: #ff0000;\" href=\"https:\/\/bireysel.istanbulkart.istanbul\/\" target=\"_blank\" rel=\"noopener\">https:\/\/bireysel.istanbulkart.istanbul\/<\/a> <\/span>(You need to have completed your registration at your university to apply online).<\/span><\/p><p><span style=\"color: #000000;\">You can use your Istanbul Discounted Travel Cards on public transportation (such as buses, IETT, metro, tram, Marmaray, metrobus, ferry, etc.) by simply holding your Istanbulkart close to the validator devices on public transport or the card readers at turnstiles.<\/span><\/p>\t\t\t\t\t\t\t\t<\/div>\n\t\t\t\t<\/div>\n\t\t\t\t<div class=\"elementor-element elementor-element-8b80cc8 elementor-widget elementor-widget-spacer\" data-id=\"8b80cc8\" data-element_type=\"widget\" data-e-type=\"widget\" data-widget_type=\"spacer.default\">\n\t\t\t\t\t\t<div class=\"elementor-widget-container\">\n\t\t\t\t\t\t\t<div class=\"elementor-spacer\">\n\t\t\t<div class=\"elementor-spacer-inner\"><\/div>\n\t\t<\/div>\n\t\t\t\t\t\t<\/div>\n\t\t\t\t<\/div>\n\t\t\t\t\t<\/div>\n\t\t<\/div>\n\t\t\t\t\t<\/div>\n\t\t<\/section>\n\t\t\t\t<section class=\"elementor-section elementor-top-section elementor-element elementor-element-5fecf37 elementor-section-boxed elementor-section-height-default elementor-section-height-default\" data-id=\"5fecf37\" data-element_type=\"section\" data-e-type=\"section\" data-settings=\"{&quot;_ha_eqh_enable&quot;:false}\">\n\t\t\t\t\t\t<div class=\"elementor-container elementor-column-gap-default\">\n\t\t\t\t\t<div class=\"elementor-column elementor-col-100 elementor-top-column elementor-element elementor-element-6012d5e\" data-id=\"6012d5e\" data-element_type=\"column\" data-e-type=\"column\">\n\t\t\t<div class=\"elementor-widget-wrap elementor-element-populated\">\n\t\t\t\t\t\t<div class=\"elementor-element elementor-element-988b4f4 elementor-headline--style-highlight elementor-widget elementor-widget-animated-headline\" data-id=\"988b4f4\" data-element_type=\"widget\" data-e-type=\"widget\" data-settings=\"{&quot;highlighted_text&quot;:&quot;City Transportation&quot;,&quot;marker&quot;:&quot;double_underline&quot;,&quot;headline_style&quot;:&quot;highlight&quot;,&quot;loop&quot;:&quot;yes&quot;,&quot;highlight_animation_duration&quot;:1200,&quot;highlight_iteration_delay&quot;:8000}\" data-widget_type=\"animated-headline.default\">\n\t\t\t\t\t\t<div class=\"elementor-widget-container\">\n\t\t\t\t\t\t\t<h4 class=\"elementor-headline\">\n\t\t\t\t\t<span class=\"elementor-headline-plain-text elementor-headline-text-wrapper\"> <\/span>\n\t\t\t\t<span class=\"elementor-headline-dynamic-wrapper elementor-headline-text-wrapper\">\n\t\t\t\t\t<span class=\"elementor-headline-dynamic-text elementor-headline-text-active\">City Transportation<\/span>\n\t\t\t\t<\/span>\n\t\t\t\t<\/h4>\n\t\t\t\t\t\t<\/div>\n\t\t\t\t<\/div>\n\t\t\t\t\t<\/div>\n\t\t<\/div>\n\t\t\t\t\t<\/div>\n\t\t<\/section>\n\t\t\t\t<section class=\"elementor-section elementor-top-section elementor-element elementor-element-fc0924b elementor-section-boxed elementor-section-height-default elementor-section-height-default\" data-id=\"fc0924b\" data-element_type=\"section\" data-e-type=\"section\" data-settings=\"{&quot;_ha_eqh_enable&quot;:false}\">\n\t\t\t\t\t\t<div class=\"elementor-container elementor-column-gap-default\">\n\t\t\t\t\t<div class=\"elementor-column elementor-col-100 elementor-top-column elementor-element elementor-element-bc90daf\" data-id=\"bc90daf\" data-element_type=\"column\" data-e-type=\"column\">\n\t\t\t<div class=\"elementor-widget-wrap elementor-element-populated\">\n\t\t\t\t\t\t<div class=\"elementor-element elementor-element-23b9293 elementor-widget elementor-widget-text-editor\" data-id=\"23b9293\" data-element_type=\"widget\" data-e-type=\"widget\" data-widget_type=\"text-editor.default\">\n\t\t\t\t\t\t<div class=\"elementor-widget-container\">\n\t\t\t\t\t\t\t\t\t<ul><li><p><span style=\"color: #000000;\"><strong>Metrobus<\/strong><\/span><strong style=\"color: #000000;\">,<\/strong><span style=\"color: #000000;\"> Metrobus is one of the fastest and most economical transportation options in Istanbul. It helps you bypass heavy traffic, allowing you to move quickly within the city. The metrobus operates 24 hours a day, offering fast and uninterrupted travel between stops, thanks to its dedicated lanes. With 45 stops, the metrobus line connects key hubs such as Avc\u0131lar, Zincirlikuyu, the Bosphorus Bridge, and S\u00f6\u011f\u00fctl\u00fc\u00e7e\u015fme. You can benefit from discounted fares with your student card and reach many central points in a short time.<\/span><\/p><\/li><\/ul><ul><li><span style=\"color: #000000;\"><span style=\"color: #000000;\"><strong>Bus,<\/strong><\/span>There are two types of buses in Istanbul: Municipal IETT Buses and Private Public Buses. IETT buses are red, white, or green, while Private Public Buses are blue or green, using environmentally friendly engines. Buses are one of the most common and economical ways to reach various parts of the city. They have an extensive route network and serve almost every district. Bus services generally run frequently and continue late into the night.<\/span><\/li><\/ul><p>\u00a0<\/p><ul><li><p><span style=\"color: #000000;\"><strong>Minibus (Dolmu\u015f)<\/strong>,<\/span><span style=\"color: #000000;\">Minibuses are a fast and flexible transportation option in Istanbul. These minibus vehicles follow fixed routes but can pick up and drop off passengers without being bound to specific stops. Operating mainly on main roads and in busy areas, minibuses allow you to travel quickly without getting stuck in traffic. You can travel at a discounted rate with your student card and easily reach different parts of the city.<\/span><\/p><\/li><\/ul>\t\t\t\t\t\t\t\t<\/div>\n\t\t\t\t<\/div>\n\t\t\t\t\t<\/div>\n\t\t<\/div>\n\t\t\t\t\t<\/div>\n\t\t<\/section>\n\t\t\t\t<section class=\"elementor-section elementor-top-section elementor-element elementor-element-31411ac elementor-section-boxed elementor-section-height-default elementor-section-height-default\" data-id=\"31411ac\" data-element_type=\"section\" data-e-type=\"section\" data-settings=\"{&quot;_ha_eqh_enable&quot;:false}\">\n\t\t\t\t\t\t<div class=\"elementor-container elementor-column-gap-default\">\n\t\t\t\t\t<div class=\"elementor-column elementor-col-100 elementor-top-column elementor-element elementor-element-4702b3e\" data-id=\"4702b3e\" data-element_type=\"column\" data-e-type=\"column\">\n\t\t\t<div class=\"elementor-widget-wrap elementor-element-populated\">\n\t\t\t\t\t\t<div class=\"elementor-element elementor-element-acf3fdb elementor-widget elementor-widget-spacer\" data-id=\"acf3fdb\" data-element_type=\"widget\" data-e-type=\"widget\" data-widget_type=\"spacer.default\">\n\t\t\t\t\t\t<div class=\"elementor-widget-container\">\n\t\t\t\t\t\t\t<div class=\"elementor-spacer\">\n\t\t\t<div class=\"elementor-spacer-inner\"><\/div>\n\t\t<\/div>\n\t\t\t\t\t\t<\/div>\n\t\t\t\t<\/div>\n\t\t\t\t<div class=\"elementor-element elementor-element-afe80e8 elementor-headline--style-highlight elementor-widget elementor-widget-animated-headline\" data-id=\"afe80e8\" data-element_type=\"widget\" data-e-type=\"widget\" data-settings=\"{&quot;highlighted_text&quot;:&quot;Arrival&quot;,&quot;marker&quot;:&quot;double_underline&quot;,&quot;headline_style&quot;:&quot;highlight&quot;,&quot;loop&quot;:&quot;yes&quot;,&quot;highlight_animation_duration&quot;:1200,&quot;highlight_iteration_delay&quot;:8000}\" data-widget_type=\"animated-headline.default\">\n\t\t\t\t\t\t<div class=\"elementor-widget-container\">\n\t\t\t\t\t\t\t<h3 class=\"elementor-headline\">\n\t\t\t\t<span class=\"elementor-headline-dynamic-wrapper elementor-headline-text-wrapper\">\n\t\t\t\t\t<span class=\"elementor-headline-dynamic-text elementor-headline-text-active\">Arrival<\/span>\n\t\t\t\t<\/span>\n\t\t\t\t<\/h3>\n\t\t\t\t\t\t<\/div>\n\t\t\t\t<\/div>\n\t\t\t\t\t<\/div>\n\t\t<\/div>\n\t\t\t\t\t<\/div>\n\t\t<\/section>\n\t\t\t\t<section class=\"elementor-section elementor-top-section elementor-element elementor-element-c1285e6 elementor-section-boxed elementor-section-height-default elementor-section-height-default\" data-id=\"c1285e6\" data-element_type=\"section\" data-e-type=\"section\" data-settings=\"{&quot;_ha_eqh_enable&quot;:false}\">\n\t\t\t\t\t\t<div class=\"elementor-container elementor-column-gap-default\">\n\t\t\t\t\t<div class=\"elementor-column elementor-col-100 elementor-top-column elementor-element elementor-element-6025582\" data-id=\"6025582\" data-element_type=\"column\" data-e-type=\"column\">\n\t\t\t<div class=\"elementor-widget-wrap elementor-element-populated\">\n\t\t\t\t\t\t<div class=\"elementor-element elementor-element-e9c9fc9 elementor-widget elementor-widget-text-editor\" data-id=\"e9c9fc9\" data-element_type=\"widget\" data-e-type=\"widget\" data-widget_type=\"text-editor.default\">\n\t\t\t\t\t\t<div class=\"elementor-widget-container\">\n\t\t\t\t\t\t\t\t\t<p><span style=\"color: #000000;\"><strong>How to Get to Istanbul Geli\u015fim University from Istanbul Airport<\/strong><\/span><\/p><ul><li><span style=\"color: #000000;\"><strong>By Taxi<\/strong>: You can reach the university in approximately 35 minutes by taxi from the airport.<\/span><\/li><li><span style=\"color: #000000;\"><strong>By Public Transport<\/strong>: Take the HAVAIST-9 service from Havaist at the airport to Avc\u0131lar Mosque. From there, a 2-minute walk will take you to the metrobus station (see the transportation section for details on how to use the metrobus). Board the metrobus heading towards Beylikd\u00fcz\u00fc and get off at the Mustafa Kemal Pa\u015fa stop after two stops. You can then walk for about 10 minutes or use the university&#8217;s shuttles to reach the campus. <em>Note: You can check the departure times of Havaist services at <\/em><span style=\"color: #ff0000;\"><a style=\"color: #ff0000;\" href=\"https:\/\/hava.ist\" target=\"_blank\" rel=\"noopener\"><em>https:\/\/hava.ist<\/em><\/a><em>.<\/em><\/span><\/span><\/li><\/ul><p>\u00a0<\/p><p><span style=\"color: #000000;\"><strong>How to Get to Istanbul Geli\u015fim University from Sabiha G\u00f6k\u00e7en Airport<\/strong><\/span><\/p><ul><li><span style=\"color: #000000;\"><strong>By Taxi<\/strong>: You can reach the university in approximately 70 minutes by taxi from the airport.<\/span><\/li><li><span style=\"color: #000000;\"><strong>By Public Transport<\/strong>: Take the HAVABUS shuttle from the airport to Kad\u0131k\u00f6y. From Kad\u0131k\u00f6y, walk about 20 minutes to S\u00f6\u011f\u00fctl\u00fc\u00e7e\u015fme metrobus station and board the metrobus heading towards Beylikd\u00fcz\u00fc. Get off at the Mustafa Kemal Pa\u015fa stop after 34 stops. You can then walk for about 10 minutes or use the university&#8217;s shuttles to reach the campus.<\/span><\/li><\/ul><p>\u00a0<\/p><p><span style=\"color: #000000;\"><strong>How to Get to Istanbul Geli\u015fim University from Esenler Bus Terminal<\/strong><\/span><\/p><ul><li><span style=\"color: #000000;\"><strong>By Taxi<\/strong>: You can reach the university in approximately 45 minutes by taxi from the bus terminal.<\/span><\/li><li><span style=\"color: #000000;\"><strong>By City Shuttles<\/strong>: You can use the free city shuttles provided by your bus company. Depending on the proximity of the shuttle&#8217;s stop in Avc\u0131lar to the university, you can either walk, take a minibus, bus, or metrobus to the campus.<\/span><\/li><\/ul>\t\t\t\t\t\t\t\t<\/div>\n\t\t\t\t<\/div>\n\t\t\t\t\t<\/div>\n\t\t<\/div>\n\t\t\t\t\t<\/div>\n\t\t<\/section>\n\t\t\t\t<section class=\"elementor-section elementor-top-section elementor-element elementor-element-65e345d elementor-section-boxed elementor-section-height-default elementor-section-height-default\" data-id=\"65e345d\" data-element_type=\"section\" data-e-type=\"section\" data-settings=\"{&quot;_ha_eqh_enable&quot;:false}\">\n\t\t\t\t\t\t<div class=\"elementor-container elementor-column-gap-default\">\n\t\t\t\t\t<div class=\"elementor-column elementor-col-100 elementor-top-column elementor-element elementor-element-ec06b04\" data-id=\"ec06b04\" data-element_type=\"column\" data-e-type=\"column\">\n\t\t\t<div class=\"elementor-widget-wrap elementor-element-populated\">\n\t\t\t\t\t\t<div class=\"elementor-element elementor-element-f8a4cf9 elementor-widget elementor-widget-spacer\" data-id=\"f8a4cf9\" data-element_type=\"widget\" data-e-type=\"widget\" data-widget_type=\"spacer.default\">\n\t\t\t\t\t\t<div class=\"elementor-widget-container\">\n\t\t\t\t\t\t\t<div class=\"elementor-spacer\">\n\t\t\t<div class=\"elementor-spacer-inner\"><\/div>\n\t\t<\/div>\n\t\t\t\t\t\t<\/div>\n\t\t\t\t<\/div>\n\t\t\t\t\t<\/div>\n\t\t<\/div>\n\t\t\t\t\t<\/div>\n\t\t<\/section>\n\t\t\t\t<section class=\"elementor-section elementor-top-section elementor-element elementor-element-cc15862 elementor-section-boxed elementor-section-height-default elementor-section-height-default\" data-id=\"cc15862\" data-element_type=\"section\" data-e-type=\"section\" data-settings=\"{&quot;_ha_eqh_enable&quot;:false}\">\n\t\t\t\t\t\t<div class=\"elementor-container elementor-column-gap-default\">\n\t\t\t\t\t<div class=\"elementor-column elementor-col-100 elementor-top-column elementor-element elementor-element-031b7a7\" data-id=\"031b7a7\" data-element_type=\"column\" data-e-type=\"column\">\n\t\t\t<div class=\"elementor-widget-wrap elementor-element-populated\">\n\t\t\t\t\t\t<div class=\"elementor-element elementor-element-73aa677 elementor-headline--style-highlight elementor-widget elementor-widget-animated-headline\" data-id=\"73aa677\" data-element_type=\"widget\" data-e-type=\"widget\" data-settings=\"{&quot;highlighted_text&quot;:&quot;Settlement Sketch&quot;,&quot;marker&quot;:&quot;double_underline&quot;,&quot;headline_style&quot;:&quot;highlight&quot;,&quot;loop&quot;:&quot;yes&quot;,&quot;highlight_animation_duration&quot;:1200,&quot;highlight_iteration_delay&quot;:8000}\" data-widget_type=\"animated-headline.default\">\n\t\t\t\t\t\t<div class=\"elementor-widget-container\">\n\t\t\t\t\t\t\t<h3 class=\"elementor-headline\">\n\t\t\t\t<span class=\"elementor-headline-dynamic-wrapper elementor-headline-text-wrapper\">\n\t\t\t\t\t<span class=\"elementor-headline-dynamic-text elementor-headline-text-active\">Settlement Sketch<\/span>\n\t\t\t\t<\/span>\n\t\t\t\t<\/h3>\n\t\t\t\t\t\t<\/div>\n\t\t\t\t<\/div>\n\t\t\t\t\t<\/div>\n\t\t<\/div>\n\t\t\t\t\t<\/div>\n\t\t<\/section>\n\t\t\t\t<section class=\"elementor-section elementor-top-section elementor-element elementor-element-78fdc96 elementor-section-boxed elementor-section-height-default elementor-section-height-default\" data-id=\"78fdc96\" data-element_type=\"section\" data-e-type=\"section\" data-settings=\"{&quot;_ha_eqh_enable&quot;:false}\">\n\t\t\t\t\t\t<div class=\"elementor-container elementor-column-gap-default\">\n\t\t\t\t\t<div class=\"elementor-column elementor-col-100 elementor-top-column elementor-element elementor-element-a9ebdb2\" data-id=\"a9ebdb2\" data-element_type=\"column\" data-e-type=\"column\">\n\t\t\t<div class=\"elementor-widget-wrap elementor-element-populated\">\n\t\t\t\t\t\t<div class=\"elementor-element elementor-element-2ba1aff elementor-widget elementor-widget-image\" data-id=\"2ba1aff\" data-element_type=\"widget\" data-e-type=\"widget\" data-widget_type=\"image.default\">\n\t\t\t\t\t\t<div class=\"elementor-widget-container\">\n\t\t\t\t\t\t\t\t\t\t\t\t\t\t\t<img fetchpriority=\"high\" decoding=\"async\" width=\"2048\" height=\"939\" src=\"https:\/\/welcometogelisim.org\/wp-content\/uploads\/2024\/09\/harita-tr_2263d3659d684407ab9667110d3fcd38-2048x939.jpg\" class=\"attachment-2048x2048 size-2048x2048 wp-image-6554\" alt=\"\" srcset=\"https:\/\/welcometogelisim.org\/wp-content\/uploads\/2024\/09\/harita-tr_2263d3659d684407ab9667110d3fcd38-2048x939.jpg 2048w, https:\/\/welcometogelisim.org\/wp-content\/uploads\/2024\/09\/harita-tr_2263d3659d684407ab9667110d3fcd38-300x138.jpg 300w, https:\/\/welcometogelisim.org\/wp-content\/uploads\/2024\/09\/harita-tr_2263d3659d684407ab9667110d3fcd38-1024x469.jpg 1024w, https:\/\/welcometogelisim.org\/wp-content\/uploads\/2024\/09\/harita-tr_2263d3659d684407ab9667110d3fcd38-768x352.jpg 768w, https:\/\/welcometogelisim.org\/wp-content\/uploads\/2024\/09\/harita-tr_2263d3659d684407ab9667110d3fcd38-1536x704.jpg 1536w\" sizes=\"(max-width: 2048px) 100vw, 2048px\" \/>\t\t\t\t\t\t\t\t\t\t\t\t\t\t\t<\/div>\n\t\t\t\t<\/div>\n\t\t\t\t\t<\/div>\n\t\t<\/div>\n\t\t\t\t\t<\/div>\n\t\t<\/section>\n\t\t\t\t<\/div>\n\t\t","protected":false},"excerpt":{"rendered":"<p>Transportation Home Page Student Istanbul Card When traveling in Istanbul, you can use many public transportation options. To do this, you need to have an Istanbulkart. If you are a student, you can use a discounted Student Card to travel at more affordable rates. To obtain a Student Card, and to get your Istanbul Discounted [&hellip;]<\/p>\n","protected":false},"author":2,"featured_media":0,"parent":0,"menu_order":0,"comment_status":"closed","ping_status":"closed","template":"","meta":{"_gspb_post_css":"","footnotes":""},"class_list":["post-6189","page","type-page","status-publish","hentry"],"_links":{"self":[{"href":"https:\/\/welcometogelisim.org\/en\/wp-json\/wp\/v2\/pages\/6189","targetHints":{"allow":["GET"]}}],"collection":[{"href":"https:\/\/welcometogelisim.org\/en\/wp-json\/wp\/v2\/pages"}],"about":[{"href":"https:\/\/welcometogelisim.org\/en\/wp-json\/wp\/v2\/types\/page"}],"author":[{"embeddable":true,"href":"https:\/\/welcometogelisim.org\/en\/wp-json\/wp\/v2\/users\/2"}],"replies":[{"embeddable":true,"href":"https:\/\/welcometogelisim.org\/en\/wp-json\/wp\/v2\/comments?post=6189"}],"version-history":[{"count":4,"href":"https:\/\/welcometogelisim.org\/en\/wp-json\/wp\/v2\/pages\/6189\/revisions"}],"predecessor-version":[{"id":6658,"href":"https:\/\/welcometogelisim.org\/en\/wp-json\/wp\/v2\/pages\/6189\/revisions\/6658"}],"wp:attachment":[{"href":"https:\/\/welcometogelisim.org\/en\/wp-json\/wp\/v2\/media?parent=6189"}],"curies":[{"name":"wp","href":"https:\/\/api.w.org\/{rel}","templated":true}]}}