{"id":2150,"date":"2023-09-18T09:00:47","date_gmt":"2023-09-18T09:00:47","guid":{"rendered":"https:\/\/welcometogelisim.org\/dormitory-facilities\/"},"modified":"2023-10-19T13:57:48","modified_gmt":"2023-10-19T13:57:48","slug":"dormitory-facilities","status":"publish","type":"page","link":"https:\/\/welcometogelisim.org\/en\/dormitory-facilities\/","title":{"rendered":"Dormitory Facilities"},"content":{"rendered":"\t\t<div data-elementor-type=\"wp-page\" data-elementor-id=\"2150\" class=\"elementor elementor-2150 elementor-1271\" data-elementor-settings=\"{&quot;ha_cmc_init_switcher&quot;:&quot;no&quot;}\" data-elementor-post-type=\"page\">\n\t\t\t\t\t\t<section class=\"elementor-section elementor-top-section elementor-element elementor-element-b419819 elementor-section-boxed elementor-section-height-default elementor-section-height-default\" data-id=\"b419819\" data-element_type=\"section\" data-e-type=\"section\" data-settings=\"{&quot;_ha_eqh_enable&quot;:false}\">\n\t\t\t\t\t\t<div class=\"elementor-container elementor-column-gap-default\">\n\t\t\t\t\t<div class=\"elementor-column elementor-col-100 elementor-top-column elementor-element elementor-element-1921c180\" data-id=\"1921c180\" data-element_type=\"column\" data-e-type=\"column\">\n\t\t\t<div class=\"elementor-widget-wrap elementor-element-populated\">\n\t\t\t\t\t\t<div class=\"elementor-element elementor-element-2f924993 elementor-widget elementor-widget-text-editor\" data-id=\"2f924993\" data-element_type=\"widget\" data-e-type=\"widget\" data-widget_type=\"text-editor.default\">\n\t\t\t\t\t\t<div class=\"elementor-widget-container\">\n\t\t\t\t\t\t\t\t\t<p><\/p>\n<h5 class=\"wp-block-heading\"> <\/h5>\n<p><\/p>\n<h5>\u0130stanbul Geli\u015fim \u00dcniversitesi anla\u015fmal\u0131 oldu\u011fu yurtlar ile \u00f6\u011frencilerine yurt imkan\u0131 sa\u011flamaktad\u0131r. \u00d6\u011frencilerimizin yurt imk\u00e2nlar\u0131 konusunda bar\u0131nma ihtiya\u00e7lar\u0131n\u0131 anla\u015fmal\u0131 oldu\u011fumuz yurtlardan Enis \u00c7ebi Yurtlar\u0131 ve Yeni Nesil K\u0131z \u00d6\u011frenci Yurdu kar\u015f\u0131lamaktad\u0131r.<\/h5>\n<div> <\/div>\n<p><\/p>\n<figure class=\"wp-block-image\"><img decoding=\"async\" title=\"Dormitory Facilities\" src=\"https:\/\/panel.gelisim.edu.tr\/assets\/2023\/resimler\/kim\/191da500c6d845d281a072a9c278806b_4c98a538e7d644319e74e295507c12f1.jpg\" alt=\"Dormitory Facilities\"><\/figure>\n<p><\/p>\n<p><\/p>\n<p><strong> <\/strong><\/p>\n<h4><strong>EN\u0130S \u00c7EB\u0130 \u015eAH ERKEK \u00d6\u011eRENC\u0130 YURDU<\/strong><\/h4>\n<p> <\/p>\n<h5>Anla\u015fmal\u0131 oldu\u011fumuz yurtlardan biri olan &#8220;Enis \u00c7ebi Yurtlar\u0131&#8221; erkek \u00f6\u011frencilere hizmet vermektedir.<\/h5>\n<h5><em>*\u00dcniversite ve yurt aras\u0131 y\u00fcr\u00fcy\u00fc\u015f mesafesinde olup her saat \u00fccretsiz servis imk\u00e2n\u0131na sahiptir.<\/em><\/h5>\n<h5><strong>Adres:<\/strong> \u00dcniversite Mh. Mare\u015fal Cd. No:60 Parseller \u2013 Avc\u0131lar \/ \u0130stanbul<br><strong>\u0130leti\u015fim: <\/strong>+90 212 676 23 24 \/ +90 546 676 98 78 \/ +90 546 232 47 24<br><strong>Web sitesi:<\/strong> <a href=\"http:\/\/www.eniscebiyurtlari.com\/\" target=\"_blank\" rel=\"noreferrer noopener\">www.eniscebiyurtlari.com<\/a><\/h5>\n<h5><\/h5>\n<h4> <\/h4>\n<h4><strong>YEN\u0130 NES\u0130L KIZ \u00d6\u011eRENC\u0130 YURDU<\/strong><\/h4>\n<p> <\/p>\n<h5>Anla\u015fmal\u0131 oldu\u011fumuz yurtlardan biri olan &#8220;Yeni Nesil K\u0131z \u00d6\u011frenci Yurdu&#8221; k\u0131z \u00f6\u011frencilere hizmet vermektedir. <\/h5>\n<h5><em>*Yeni Nesil K\u0131z \u00f6\u011frenci yurdunun \u0130stanbul Geli\u015fim \u00dcniversitesi\u2019ne \u00fccretsiz servis imk\u00e2n\u0131 oldu\u011fu gibi yurt ve \u00fcniversite aras\u0131 metrob\u00fcs ile 1 durak mesafededir.<\/em><\/h5>\n<h5><strong>Adres: <\/strong>(Metrob\u00fcs Torium Dura\u011f\u0131) Turgut \u00d6zal Mahallesi E-5 \u00dczeri Haramidere &#8211; \u0130stanbul<br><strong>\u0130leti\u015fim:<\/strong> +90 546 232 44 85 \/ +90 546 676 23 24<br><strong>Web sitesi:<\/strong> <a href=\"https:\/\/www.yeninesilogrenciyurtlari.com\/\" target=\"_blank\" rel=\"noreferrer noopener\">https:\/\/www.yeninesilogrenciyurtlari.com\/<\/a><\/h5>\n<p><\/p>\n<figure class=\"wp-block-embed\">\n<div class=\"wp-block-embed__wrapper\"> <\/div>\n<\/figure>\n<p><\/p>\n<p><\/p>\t\t\t\t\t\t\t\t<\/div>\n\t\t\t\t<\/div>\n\t\t\t\t<div class=\"elementor-element elementor-element-ff77381 elementor-widget elementor-widget-text-editor\" data-id=\"ff77381\" data-element_type=\"widget\" data-e-type=\"widget\" data-widget_type=\"text-editor.default\">\n\t\t\t\t\t\t<\/div>\n\t\t\t\t\t<\/div>\n\t\t<\/div>\n\t\t\t\t\t<\/div>\n\t\t<\/section>\n\t\t\t\t<section class=\"elementor-section elementor-top-section elementor-element elementor-element-cc283e1 elementor-section-boxed elementor-section-height-default elementor-section-height-default\" data-id=\"cc283e1\" data-element_type=\"section\" data-e-type=\"section\" data-settings=\"{&quot;_ha_eqh_enable&quot;:false}\">\n\t\t\t\t\t\t<div class=\"elementor-container elementor-column-gap-default\">\n\t\t\t\t\t<div class=\"elementor-column elementor-col-100 elementor-top-column elementor-element elementor-element-63c9e13\" data-id=\"63c9e13\" data-element_type=\"column\" data-e-type=\"column\">\n\t\t\t<div class=\"elementor-widget-wrap elementor-element-populated\">\n\t\t\t\t\t\t<div class=\"elementor-element elementor-element-e0e215b elementor-widget elementor-widget-ha-carousel happy-addon ha-carousel\" data-id=\"e0e215b\" data-element_type=\"widget\" data-e-type=\"widget\" data-settings=\"{&quot;animation_speed&quot;:300,&quot;autoplay&quot;:&quot;yes&quot;,&quot;autoplay_speed&quot;:3000,&quot;loop&quot;:&quot;yes&quot;,&quot;navigation&quot;:&quot;arrow&quot;,&quot;slides_to_show&quot;:4,&quot;slides_to_show_tablet&quot;:3,&quot;slides_to_show_mobile&quot;:2}\" data-widget_type=\"ha-carousel.default\">\n\t\t\t\t\t\t<div class=\"elementor-widget-container\">\n\t\t\t\t\t\n\t\t<div data-ha_rcc_uid=\"\" class=\"hajs-slick ha-slick ha-slick--carousel\">\n\n\t\t\t\n\t\t\t\t<div class=\"ha-slick-slide slick-slide\">\n\t\t\t\t\t<div class=\"ha-slick-item\">\n\t\t\t\t\t\t\t\t\t\t\t\t\t<img decoding=\"async\" class=\"ha-slick-img\" src=\"https:\/\/welcometogelisim.org\/wp-content\/uploads\/2023\/09\/sa-768x512.jpg\" alt=\"\">\n\t\t\t\t\t\t\n\t\t\t\t\t\t\t\t\t\t\t<\/div>\n\t\t\t\t<\/div>\n\n\t\t\t\n\t\t\t\t<div class=\"ha-slick-slide slick-slide\">\n\t\t\t\t\t<div class=\"ha-slick-item\">\n\t\t\t\t\t\t\t\t\t\t\t\t\t<img decoding=\"async\" class=\"ha-slick-img\" src=\"https:\/\/welcometogelisim.org\/wp-content\/uploads\/2023\/09\/saa-768x512.jpg\" alt=\"\">\n\t\t\t\t\t\t\n\t\t\t\t\t\t\t\t\t\t\t<\/div>\n\t\t\t\t<\/div>\n\n\t\t\t\n\t\t\t\t<div class=\"ha-slick-slide slick-slide\">\n\t\t\t\t\t<div class=\"ha-slick-item\">\n\t\t\t\t\t\t\t\t\t\t\t\t\t<img decoding=\"async\" class=\"ha-slick-img\" src=\"https:\/\/welcometogelisim.org\/wp-content\/uploads\/2023\/09\/addad-768x512.jpg\" alt=\"\">\n\t\t\t\t\t\t\n\t\t\t\t\t\t\t\t\t\t\t<\/div>\n\t\t\t\t<\/div>\n\n\t\t\t\n\t\t\t\t<div class=\"ha-slick-slide slick-slide\">\n\t\t\t\t\t<div class=\"ha-slick-item\">\n\t\t\t\t\t\t\t\t\t\t\t\t\t<img decoding=\"async\" class=\"ha-slick-img\" src=\"https:\/\/welcometogelisim.org\/wp-content\/uploads\/2023\/09\/adada-768x512.jpg\" alt=\"\">\n\t\t\t\t\t\t\n\t\t\t\t\t\t\t\t\t\t\t<\/div>\n\t\t\t\t<\/div>\n\n\t\t\t\n\t\t\t\t<div class=\"ha-slick-slide slick-slide\">\n\t\t\t\t\t<div class=\"ha-slick-item\">\n\t\t\t\t\t\t\t\t\t\t\t\t\t<img decoding=\"async\" class=\"ha-slick-img\" src=\"https:\/\/welcometogelisim.org\/wp-content\/uploads\/2023\/09\/adadf-768x512.jpg\" alt=\"\">\n\t\t\t\t\t\t\n\t\t\t\t\t\t\t\t\t\t\t<\/div>\n\t\t\t\t<\/div>\n\n\t\t\t\n\t\t\t\t<div class=\"ha-slick-slide slick-slide\">\n\t\t\t\t\t<div class=\"ha-slick-item\">\n\t\t\t\t\t\t\t\t\t\t\t\t\t<img decoding=\"async\" class=\"ha-slick-img\" src=\"https:\/\/welcometogelisim.org\/wp-content\/uploads\/2023\/09\/efef-768x512.jpg\" alt=\"\">\n\t\t\t\t\t\t\n\t\t\t\t\t\t\t\t\t\t\t<\/div>\n\t\t\t\t<\/div>\n\n\t\t\t\n\t\t\t\t<div class=\"ha-slick-slide slick-slide\">\n\t\t\t\t\t<div class=\"ha-slick-item\">\n\t\t\t\t\t\t\t\t\t\t\t\t\t<img decoding=\"async\" class=\"ha-slick-img\" src=\"https:\/\/welcometogelisim.org\/wp-content\/uploads\/2023\/09\/sadefe-768x512.jpg\" alt=\"\">\n\t\t\t\t\t\t\n\t\t\t\t\t\t\t\t\t\t\t<\/div>\n\t\t\t\t<\/div>\n\n\t\t\t\n\t\t<\/div>\n\n\t\t\t\t\t<button type=\"button\" class=\"slick-prev\"><i aria-hidden=\"true\" class=\"fas fa-chevron-left\"><\/i><\/button>\n\t\t\n\t\t\t\t\t<button type=\"button\" class=\"slick-next\"><i aria-hidden=\"true\" class=\"fas fa-chevron-right\"><\/i><\/button>\n\t\t\n\t\t\t\t\t\t<\/div>\n\t\t\t\t<\/div>\n\t\t\t\t<section class=\"elementor-section elementor-inner-section elementor-element elementor-element-d6ca864 elementor-section-boxed elementor-section-height-default elementor-section-height-default\" data-id=\"d6ca864\" data-element_type=\"section\" data-e-type=\"section\" data-settings=\"{&quot;_ha_eqh_enable&quot;:false}\">\n\t\t\t\t\t\t<div class=\"elementor-container elementor-column-gap-default\">\n\t\t\t\t\t<div class=\"elementor-column elementor-col-50 elementor-inner-column elementor-element elementor-element-1796ddf\" data-id=\"1796ddf\" data-element_type=\"column\" data-e-type=\"column\">\n\t\t\t<div class=\"elementor-widget-wrap\">\n\t\t\t\t\t\t\t<\/div>\n\t\t<\/div>\n\t\t\t\t<div class=\"elementor-column elementor-col-50 elementor-inner-column elementor-element elementor-element-71f8171\" data-id=\"71f8171\" data-element_type=\"column\" data-e-type=\"column\">\n\t\t\t<div class=\"elementor-widget-wrap\">\n\t\t\t\t\t\t\t<\/div>\n\t\t<\/div>\n\t\t\t\t\t<\/div>\n\t\t<\/section>\n\t\t\t\t\t<\/div>\n\t\t<\/div>\n\t\t\t\t\t<\/div>\n\t\t<\/section>\n\t\t\t\t<section class=\"elementor-section elementor-top-section elementor-element elementor-element-c3c8fb1 elementor-section-boxed elementor-section-height-default elementor-section-height-default\" data-id=\"c3c8fb1\" data-element_type=\"section\" data-e-type=\"section\" data-settings=\"{&quot;_ha_eqh_enable&quot;:false}\">\n\t\t\t\t\t\t<div class=\"elementor-container elementor-column-gap-default\">\n\t\t\t\t\t<div class=\"elementor-column elementor-col-100 elementor-top-column elementor-element elementor-element-3ba4506\" data-id=\"3ba4506\" data-element_type=\"column\" data-e-type=\"column\">\n\t\t\t<div class=\"elementor-widget-wrap\">\n\t\t\t\t\t\t\t<\/div>\n\t\t<\/div>\n\t\t\t\t\t<\/div>\n\t\t<\/section>\n\t\t\t\t<\/div>\n\t\t","protected":false},"excerpt":{"rendered":"<p>Istanbul Geli\u015fim University provides dormitory facilities to its students through affiliated dormitories. Our students&#8217; housing needs are met by the Enis \u00c7ebi Dormitories and the New Generation Female Student Dormitory, which we have agreements with. EN\u0130S \u00c7EB\u0130 \u015eAH MALE STUDENT DORMITORY EN\u0130S \u00c7EB\u0130 \u015eAH MALE STUDENT DORMITORY One of the dormitories we have an agreement [&hellip;]<\/p>\n","protected":false},"author":2,"featured_media":0,"parent":0,"menu_order":0,"comment_status":"closed","ping_status":"closed","template":"","meta":{"_gspb_post_css":"","footnotes":""},"class_list":["post-2150","page","type-page","status-publish","hentry"],"_links":{"self":[{"href":"https:\/\/welcometogelisim.org\/en\/wp-json\/wp\/v2\/pages\/2150","targetHints":{"allow":["GET"]}}],"collection":[{"href":"https:\/\/welcometogelisim.org\/en\/wp-json\/wp\/v2\/pages"}],"about":[{"href":"https:\/\/welcometogelisim.org\/en\/wp-json\/wp\/v2\/types\/page"}],"author":[{"embeddable":true,"href":"https:\/\/welcometogelisim.org\/en\/wp-json\/wp\/v2\/users\/2"}],"replies":[{"embeddable":true,"href":"https:\/\/welcometogelisim.org\/en\/wp-json\/wp\/v2\/comments?post=2150"}],"version-history":[{"count":5,"href":"https:\/\/welcometogelisim.org\/en\/wp-json\/wp\/v2\/pages\/2150\/revisions"}],"predecessor-version":[{"id":2156,"href":"https:\/\/welcometogelisim.org\/en\/wp-json\/wp\/v2\/pages\/2150\/revisions\/2156"}],"wp:attachment":[{"href":"https:\/\/welcometogelisim.org\/en\/wp-json\/wp\/v2\/media?parent=2150"}],"curies":[{"name":"wp","href":"https:\/\/api.w.org\/{rel}","templated":true}]}}