{"id":2105,"date":"2023-04-14T13:35:54","date_gmt":"2023-04-14T13:35:54","guid":{"rendered":"https:\/\/welcometogelisim.org\/prof-dr-ismet-cavusoglu\/"},"modified":"2023-10-19T13:10:18","modified_gmt":"2023-10-19T13:10:18","slug":"prof-dr-ismet-cavusoglu","status":"publish","type":"page","link":"https:\/\/welcometogelisim.org\/en\/prof-dr-ismet-cavusoglu\/","title":{"rendered":"Prof. Dr. \u0130smet \u00c7avu\u015fo\u011flu"},"content":{"rendered":"\t\t<div data-elementor-type=\"wp-page\" data-elementor-id=\"2105\" class=\"elementor elementor-2105 elementor-439\" data-elementor-settings=\"{&quot;ha_cmc_init_switcher&quot;:&quot;no&quot;}\" data-elementor-post-type=\"page\">\n\t\t\t\t\t\t<section class=\"elementor-section elementor-top-section elementor-element elementor-element-e6b1780 elementor-section-height-min-height elementor-section-boxed elementor-section-height-default elementor-section-items-middle\" data-id=\"e6b1780\" data-element_type=\"section\" data-e-type=\"section\" data-settings=\"{&quot;background_background&quot;:&quot;classic&quot;,&quot;_ha_eqh_enable&quot;:false}\">\n\t\t\t\t\t\t\t<div class=\"elementor-background-overlay\"><\/div>\n\t\t\t\t\t\t\t<div class=\"elementor-container elementor-column-gap-default\">\n\t\t\t\t\t<div class=\"elementor-column elementor-col-100 elementor-top-column elementor-element elementor-element-2a87232\" data-id=\"2a87232\" data-element_type=\"column\" data-e-type=\"column\">\n\t\t\t<div class=\"elementor-widget-wrap elementor-element-populated\">\n\t\t\t\t\t\t<div class=\"elementor-element elementor-element-ac7d10c elementor-widget elementor-widget-ha-page-title happy-addon ha-page-title\" data-id=\"ac7d10c\" data-element_type=\"widget\" data-e-type=\"widget\" data-widget_type=\"ha-page-title.default\">\n\t\t\t\t\t\t<div class=\"elementor-widget-container\">\n\t\t\t\t\t<h2 class=\"ha-page-title elementor-size-default\">Prof. Dr. \u0130smet \u00c7avu\u015fo\u011flu<\/h2>\t\t\t\t<\/div>\n\t\t\t\t<\/div>\n\t\t\t\t<div class=\"elementor-element elementor-element-0f6f191 elementor-widget elementor-widget-ha-breadcrumbs happy-addon ha-breadcrumbs happy-addon-pro\" data-id=\"0f6f191\" data-element_type=\"widget\" data-e-type=\"widget\" data-widget_type=\"ha-breadcrumbs.default\">\n\t\t\t\t\t\t<div class=\"elementor-widget-container\">\n\t\t\t\t\t<ul class=\"ha-breadcrumbs\"><li class=\"ha-breadcrumbs-item ha-breadcrumbs-start\"><a href=\"https:\/\/welcometogelisim.org\/en\/\" rel=\"home\"><span class=\"ha-breadcrumbs-text\"><span class=\"ha-breadcrumbs-home-icon\"><span class=\"fas fa-home\" aria-hidden=\"true\"><\/span><\/span>Home Page<\/span><\/a><\/li><\/ul>\t\t\t\t<\/div>\n\t\t\t\t<\/div>\n\t\t\t\t\t<\/div>\n\t\t<\/div>\n\t\t\t\t\t<\/div>\n\t\t<\/section>\n\t\t\t\t<section class=\"elementor-section elementor-top-section elementor-element elementor-element-1859297 elementor-section-boxed elementor-section-height-default elementor-section-height-default\" data-id=\"1859297\" data-element_type=\"section\" data-e-type=\"section\" data-settings=\"{&quot;_ha_eqh_enable&quot;:false}\">\n\t\t\t\t\t\t<div class=\"elementor-container elementor-column-gap-default\">\n\t\t\t\t\t<div class=\"elementor-column elementor-col-50 elementor-top-column elementor-element elementor-element-3c44002\" data-id=\"3c44002\" data-element_type=\"column\" data-e-type=\"column\">\n\t\t\t<div class=\"elementor-widget-wrap elementor-element-populated\">\n\t\t\t\t\t\t<div class=\"elementor-element elementor-element-042fc06 elementor-widget elementor-widget-image\" data-id=\"042fc06\" data-element_type=\"widget\" data-e-type=\"widget\" data-widget_type=\"image.default\">\n\t\t\t\t\t\t<div class=\"elementor-widget-container\">\n\t\t\t\t\t\t\t\t\t\t\t\t\t\t\t<img fetchpriority=\"high\" decoding=\"async\" width=\"461\" height=\"548\" src=\"https:\/\/welcometogelisim.org\/wp-content\/uploads\/2023\/04\/image1-4.jpg\" class=\"attachment-large size-large wp-image-1400\" alt=\"\" srcset=\"https:\/\/welcometogelisim.org\/wp-content\/uploads\/2023\/04\/image1-4.jpg.webp 461w, https:\/\/welcometogelisim.org\/wp-content\/uploads\/2023\/04\/image1-4-252x300.jpg.webp 252w\" sizes=\"(max-width: 461px) 100vw, 461px\" \/>\t\t\t\t\t\t\t\t\t\t\t\t\t\t\t<\/div>\n\t\t\t\t<\/div>\n\t\t\t\t\t<\/div>\n\t\t<\/div>\n\t\t\t\t<div class=\"elementor-column elementor-col-50 elementor-top-column elementor-element elementor-element-40b4d80\" data-id=\"40b4d80\" data-element_type=\"column\" data-e-type=\"column\">\n\t\t\t<div class=\"elementor-widget-wrap elementor-element-populated\">\n\t\t\t\t\t\t<div class=\"elementor-element elementor-element-3eeaa5b elementor-widget elementor-widget-text-editor\" data-id=\"3eeaa5b\" data-element_type=\"widget\" data-e-type=\"widget\" data-widget_type=\"text-editor.default\">\n\t\t\t\t\t\t<div class=\"elementor-widget-container\">\n\t\t\t\t\t\t\t\t\t<p>\u0130smet \u00c7avu\u015fo\u011flu was born in 1946 in Old Friday. He received a bachelor&#8217;s degree from Anadolu University in 1994, a master&#8217;s degree from Istanbul Mimar Sinan University in 1997, and a Proficiency in Art diploma from Mimar Sinan University in 1999. After the end of his education life, he was awarded the title of Associate Professor in 2007. In 2012, he worked as a &#8216;Professor&#8217; and Founding Dean at Yalova University, Faculty of Art and Design.<\/p><p>\u00a0<\/p><p>\u00c7avu\u015fo\u011flu has been a productive name in the art life as well as in academia and has opened 81 personal exhibitions at domestic and abroad so far. He also took part in more than one hundred national and international group exhibitions and competitions. In this process, he was awarded with eleven awards.<\/p><p>\u00a0<\/p><p>He participated in symposiums, art fairs and auctions with dozens of painting works at domestic and abroad. More than 1000 series are in Turkish and world museums, galleries and private collections. In addition to oil painting, he also works on mosaics, sgraffiti, frescoes, printing techniques and watercolors. In 2019, he was appointed as the Deputy Dean to the Faculty of Fine Arts of Istanbul Geli\u015fim University, and left his post at the end of 2020. He is still working as a lecturer at the same faculty and continues his painting studies in his workshop in Istanbul. From time to time, he conducts scientific \/ artistic research and painting studies in England and the United States.<\/p>\t\t\t\t\t\t\t\t<\/div>\n\t\t\t\t<\/div>\n\t\t\t\t\t<\/div>\n\t\t<\/div>\n\t\t\t\t\t<\/div>\n\t\t<\/section>\n\t\t\t\t<section class=\"elementor-section elementor-top-section elementor-element elementor-element-aa39e20 elementor-section-boxed elementor-section-height-default elementor-section-height-default\" data-id=\"aa39e20\" data-element_type=\"section\" data-e-type=\"section\" data-settings=\"{&quot;_ha_eqh_enable&quot;:false}\">\n\t\t\t\t\t\t<div class=\"elementor-container elementor-column-gap-default\">\n\t\t\t\t\t<div class=\"elementor-column elementor-col-100 elementor-top-column elementor-element elementor-element-1131ecb\" data-id=\"1131ecb\" data-element_type=\"column\" data-e-type=\"column\">\n\t\t\t<div class=\"elementor-widget-wrap elementor-element-populated\">\n\t\t\t\t\t\t<div class=\"elementor-element elementor-element-d0b9e26 elementor-widget elementor-widget-heading\" data-id=\"d0b9e26\" data-element_type=\"widget\" data-e-type=\"widget\" data-widget_type=\"heading.default\">\n\t\t\t\t\t\t<div class=\"elementor-widget-container\">\n\t\t\t\t\t<h2 class=\"elementor-heading-title elementor-size-default\">Some studies;<\/h2>\t\t\t\t<\/div>\n\t\t\t\t<\/div>\n\t\t\t\t<div class=\"elementor-element elementor-element-8e1b8a9 ha-image-grid--masonry elementor-widget elementor-widget-ha-image-grid happy-addon ha-image-grid\" data-id=\"8e1b8a9\" data-element_type=\"widget\" data-e-type=\"widget\" data-settings=\"{&quot;layout&quot;:&quot;masonry&quot;,&quot;enable_popup&quot;:&quot;yes&quot;}\" data-widget_type=\"ha-image-grid.default\">\n\t\t\t\t\t\t<div class=\"elementor-widget-container\">\n\t\t\t\t\t\n\t\t<div class=\"ha-image-grid__wrap hajs-isotope ha-lightbox--has\">\n\t\t\t\t\t\t\t\n\t\t\t\t<a href=\"#\" data-mfp-src=\"https:\/\/welcometogelisim.org\/wp-content\/uploads\/2023\/04\/image2-5.jpg\" class=\"ha-image-grid__item ha-js-lightbox __fltr-1\">\n\t\t\t\t\t<img decoding=\"async\" width=\"768\" height=\"521\" src=\"https:\/\/welcometogelisim.org\/wp-content\/uploads\/2023\/04\/image2-5-768x521.jpg\" class=\"elementor-animation-grow\" alt=\"\" srcset=\"https:\/\/welcometogelisim.org\/wp-content\/uploads\/2023\/04\/image2-5-768x521.jpg.webp 768w, https:\/\/welcometogelisim.org\/wp-content\/uploads\/2023\/04\/image2-5-300x203.jpg.webp 300w, https:\/\/welcometogelisim.org\/wp-content\/uploads\/2023\/04\/image2-5.jpg 1006w\" sizes=\"(max-width: 768px) 100vw, 768px\" \/>\t\t\t\t<\/a>\n\t\t\t\t\t\t\t\n\t\t\t\t<a href=\"#\" data-mfp-src=\"https:\/\/welcometogelisim.org\/wp-content\/uploads\/2023\/04\/image3-5-1024x685.jpg\" class=\"ha-image-grid__item ha-js-lightbox __fltr-1\">\n\t\t\t\t\t<img decoding=\"async\" width=\"768\" height=\"514\" src=\"https:\/\/welcometogelisim.org\/wp-content\/uploads\/2023\/04\/image3-5-768x514.jpg\" class=\"elementor-animation-grow\" alt=\"\" srcset=\"https:\/\/welcometogelisim.org\/wp-content\/uploads\/2023\/04\/image3-5-768x514.jpg.webp 768w, https:\/\/welcometogelisim.org\/wp-content\/uploads\/2023\/04\/image3-5-300x201.jpg.webp 300w, https:\/\/welcometogelisim.org\/wp-content\/uploads\/2023\/04\/image3-5-1024x685.jpg.webp 1024w, https:\/\/welcometogelisim.org\/wp-content\/uploads\/2023\/04\/image3-5.jpg.webp 1043w\" sizes=\"(max-width: 768px) 100vw, 768px\" \/>\t\t\t\t<\/a>\n\t\t\t\t\t\t\t\n\t\t\t\t<a href=\"#\" data-mfp-src=\"https:\/\/welcometogelisim.org\/wp-content\/uploads\/2023\/04\/image4-4.jpg\" class=\"ha-image-grid__item ha-js-lightbox __fltr-1\">\n\t\t\t\t\t<img loading=\"lazy\" decoding=\"async\" width=\"768\" height=\"606\" src=\"https:\/\/welcometogelisim.org\/wp-content\/uploads\/2023\/04\/image4-4-768x606.jpg\" class=\"elementor-animation-grow\" alt=\"\" srcset=\"https:\/\/welcometogelisim.org\/wp-content\/uploads\/2023\/04\/image4-4-768x606.jpg.webp 768w, https:\/\/welcometogelisim.org\/wp-content\/uploads\/2023\/04\/image4-4-300x237.jpg.webp 300w, https:\/\/welcometogelisim.org\/wp-content\/uploads\/2023\/04\/image4-4.jpg 894w\" sizes=\"(max-width: 768px) 100vw, 768px\" \/>\t\t\t\t<\/a>\n\t\t\t\t\t\t\t\n\t\t\t\t<a href=\"#\" data-mfp-src=\"https:\/\/welcometogelisim.org\/wp-content\/uploads\/2023\/04\/image5-5.jpg\" class=\"ha-image-grid__item ha-js-lightbox __fltr-1\">\n\t\t\t\t\t<img loading=\"lazy\" decoding=\"async\" width=\"768\" height=\"613\" src=\"https:\/\/welcometogelisim.org\/wp-content\/uploads\/2023\/04\/image5-5-768x613.jpg\" class=\"elementor-animation-grow\" alt=\"\" srcset=\"https:\/\/welcometogelisim.org\/wp-content\/uploads\/2023\/04\/image5-5-768x613.jpg.webp 768w, https:\/\/welcometogelisim.org\/wp-content\/uploads\/2023\/04\/image5-5-300x240.jpg.webp 300w, https:\/\/welcometogelisim.org\/wp-content\/uploads\/2023\/04\/image5-5.jpg 919w\" sizes=\"(max-width: 768px) 100vw, 768px\" \/>\t\t\t\t<\/a>\n\t\t\t\t\t\t\t\n\t\t\t\t<a href=\"#\" data-mfp-src=\"https:\/\/welcometogelisim.org\/wp-content\/uploads\/2023\/04\/image6-3-1024x725.jpg\" class=\"ha-image-grid__item ha-js-lightbox __fltr-1\">\n\t\t\t\t\t<img loading=\"lazy\" decoding=\"async\" width=\"768\" height=\"544\" src=\"https:\/\/welcometogelisim.org\/wp-content\/uploads\/2023\/04\/image6-3-768x544.jpg\" class=\"elementor-animation-grow\" alt=\"\" srcset=\"https:\/\/welcometogelisim.org\/wp-content\/uploads\/2023\/04\/image6-3-768x544.jpg.webp 768w, https:\/\/welcometogelisim.org\/wp-content\/uploads\/2023\/04\/image6-3-300x213.jpg.webp 300w, https:\/\/welcometogelisim.org\/wp-content\/uploads\/2023\/04\/image6-3-1024x725.jpg.webp 1024w, https:\/\/welcometogelisim.org\/wp-content\/uploads\/2023\/04\/image6-3.jpg 1060w\" sizes=\"(max-width: 768px) 100vw, 768px\" \/>\t\t\t\t<\/a>\n\t\t\t\t\t\t\t\n\t\t\t\t<a href=\"#\" data-mfp-src=\"https:\/\/welcometogelisim.org\/wp-content\/uploads\/2023\/04\/image7-3-1024x602.jpg\" class=\"ha-image-grid__item ha-js-lightbox __fltr-1\">\n\t\t\t\t\t<img loading=\"lazy\" decoding=\"async\" width=\"768\" height=\"452\" src=\"https:\/\/welcometogelisim.org\/wp-content\/uploads\/2023\/04\/image7-3-768x452.jpg\" class=\"elementor-animation-grow\" alt=\"\" srcset=\"https:\/\/welcometogelisim.org\/wp-content\/uploads\/2023\/04\/image7-3-768x452.jpg 768w, https:\/\/welcometogelisim.org\/wp-content\/uploads\/2023\/04\/image7-3-300x176.jpg 300w, https:\/\/welcometogelisim.org\/wp-content\/uploads\/2023\/04\/image7-3-1024x602.jpg.webp 1024w, https:\/\/welcometogelisim.org\/wp-content\/uploads\/2023\/04\/image7-3.jpg 1197w\" sizes=\"(max-width: 768px) 100vw, 768px\" \/>\t\t\t\t<\/a>\n\t\t\t\t\t\t\t\n\t\t\t\t<a href=\"#\" data-mfp-src=\"https:\/\/welcometogelisim.org\/wp-content\/uploads\/2023\/04\/image8-1024x289.jpg\" class=\"ha-image-grid__item ha-js-lightbox __fltr-1\">\n\t\t\t\t\t<img loading=\"lazy\" decoding=\"async\" width=\"768\" height=\"216\" src=\"https:\/\/welcometogelisim.org\/wp-content\/uploads\/2023\/04\/image8-768x216.jpg\" class=\"elementor-animation-grow\" alt=\"\" srcset=\"https:\/\/welcometogelisim.org\/wp-content\/uploads\/2023\/04\/image8-768x216.jpg.webp 768w, https:\/\/welcometogelisim.org\/wp-content\/uploads\/2023\/04\/image8-300x85.jpg.webp 300w, https:\/\/welcometogelisim.org\/wp-content\/uploads\/2023\/04\/image8-1024x289.jpg.webp 1024w, https:\/\/welcometogelisim.org\/wp-content\/uploads\/2023\/04\/image8-1536x433.jpg.webp 1536w, https:\/\/welcometogelisim.org\/wp-content\/uploads\/2023\/04\/image8.jpg.webp 1600w\" sizes=\"(max-width: 768px) 100vw, 768px\" \/>\t\t\t\t<\/a>\n\t\t\t\t\t\t\t\n\t\t\t\t<a href=\"#\" data-mfp-src=\"https:\/\/welcometogelisim.org\/wp-content\/uploads\/2023\/04\/image9-1024x342.jpg\" class=\"ha-image-grid__item ha-js-lightbox __fltr-1\">\n\t\t\t\t\t<img loading=\"lazy\" decoding=\"async\" width=\"768\" height=\"256\" src=\"https:\/\/welcometogelisim.org\/wp-content\/uploads\/2023\/04\/image9-768x256.jpg\" class=\"elementor-animation-grow\" alt=\"\" srcset=\"https:\/\/welcometogelisim.org\/wp-content\/uploads\/2023\/04\/image9-768x256.jpg.webp 768w, https:\/\/welcometogelisim.org\/wp-content\/uploads\/2023\/04\/image9-300x100.jpg.webp 300w, https:\/\/welcometogelisim.org\/wp-content\/uploads\/2023\/04\/image9-1024x342.jpg.webp 1024w, https:\/\/welcometogelisim.org\/wp-content\/uploads\/2023\/04\/image9-1536x513.jpg.webp 1536w, https:\/\/welcometogelisim.org\/wp-content\/uploads\/2023\/04\/image9.jpg.webp 1600w\" sizes=\"(max-width: 768px) 100vw, 768px\" \/>\t\t\t\t<\/a>\n\t\t\t\t\t<\/div>\n\n\t\t\t\t\t\t<\/div>\n\t\t\t\t<\/div>\n\t\t\t\t\t<\/div>\n\t\t<\/div>\n\t\t\t\t\t<\/div>\n\t\t<\/section>\n\t\t\t\t<\/div>\n\t\t","protected":false},"excerpt":{"rendered":"<p>Prof. Dr. \u0130smet \u00c7avu\u015fo\u011flu Home Page \u0130smet \u00c7avu\u015fo\u011flu was born in 1946 in Old Friday. He received a bachelor&#8217;s degree from Anadolu University in 1994, a master&#8217;s degree from Istanbul Mimar Sinan University in 1997, and a Proficiency in Art diploma from Mimar Sinan University in 1999. After the end of his education life, he [&hellip;]<\/p>\n","protected":false},"author":2,"featured_media":0,"parent":0,"menu_order":0,"comment_status":"closed","ping_status":"closed","template":"","meta":{"_gspb_post_css":"","footnotes":""},"class_list":["post-2105","page","type-page","status-publish","hentry"],"_links":{"self":[{"href":"https:\/\/welcometogelisim.org\/en\/wp-json\/wp\/v2\/pages\/2105","targetHints":{"allow":["GET"]}}],"collection":[{"href":"https:\/\/welcometogelisim.org\/en\/wp-json\/wp\/v2\/pages"}],"about":[{"href":"https:\/\/welcometogelisim.org\/en\/wp-json\/wp\/v2\/types\/page"}],"author":[{"embeddable":true,"href":"https:\/\/welcometogelisim.org\/en\/wp-json\/wp\/v2\/users\/2"}],"replies":[{"embeddable":true,"href":"https:\/\/welcometogelisim.org\/en\/wp-json\/wp\/v2\/comments?post=2105"}],"version-history":[{"count":4,"href":"https:\/\/welcometogelisim.org\/en\/wp-json\/wp\/v2\/pages\/2105\/revisions"}],"predecessor-version":[{"id":2109,"href":"https:\/\/welcometogelisim.org\/en\/wp-json\/wp\/v2\/pages\/2105\/revisions\/2109"}],"wp:attachment":[{"href":"https:\/\/welcometogelisim.org\/en\/wp-json\/wp\/v2\/media?parent=2105"}],"curies":[{"name":"wp","href":"https:\/\/api.w.org\/{rel}","templated":true}]}}