{"id":2088,"date":"2023-09-06T07:10:40","date_gmt":"2023-09-06T07:10:40","guid":{"rendered":"https:\/\/welcometogelisim.org\/ogrenci-konseyi\/"},"modified":"2023-10-19T13:03:29","modified_gmt":"2023-10-19T13:03:29","slug":"student-council","status":"publish","type":"page","link":"https:\/\/welcometogelisim.org\/en\/student-council\/","title":{"rendered":"Student Council"},"content":{"rendered":"\n<p class=\"has-white-background-color has-background\"><\/p>\n\n\n\n<figure class=\"wp-block-table\"><table><tbody><tr><td><br><strong>FACULTY<\/strong><\/td><td><br><strong>DEPARTMENT<\/strong><\/td><td><strong> <br>NAME<\/strong><\/td><td><br><strong>SURNAME<\/strong><\/td><\/tr><tr><td><strong>School of Physical Education and Sports<\/strong><\/td><td><strong> <br>Exercise and Sport Sciences in Disabilities<\/strong><\/td><td><strong> <br>Talat Canberk<br>(<\/strong>Student Council President<strong>)<\/strong><\/td><td><strong> <br>\u00d6T\u00dcML\u00dc<\/strong><\/td><\/tr><tr><td><strong>Dentistry Faculty<\/strong><\/td><td><strong> <br>Dentistry<\/strong><\/td><td><strong> <br> <br>B\u00fc\u015fra Sinem<\/strong><\/td><td><strong> <br><br>DEN\u0130Z<\/strong><\/td><\/tr><tr><td><strong>Faculty of Fine Arts<\/strong><\/td><td><strong> <br>Interior Design<\/strong><\/td><td><strong> <br> <br>Ayb\u00fcke Nur<\/strong><\/td><td><strong> <br>Y\u00dcCEL<\/strong><\/td><\/tr><tr><td><strong> <br>Faculty of Economics, Administrative, and Social Sciences<\/strong><\/td><td><strong> <br>Turkish Language and Literature<\/strong><\/td><td><strong> <br> <br>Musab<\/strong><\/td><td><strong> <br><br>DO\u011eAN<\/strong><\/td><\/tr><tr><td><strong> <br>Istanbul Geli\u015fim Vocational School<\/strong><\/td><td><strong> <br>Occupational Health and Safety<\/strong><\/td><td><strong> <br> <br>Dilara<\/strong><\/td><td><strong> <br><br>\u00c7\u0130MEN<\/strong><\/td><\/tr><tr><td><strong> <br>Faculty of Engineering and Architecture<\/strong><\/td><td><strong> <br>Architecture<\/strong><\/td><td><strong> <br> <br>Esra<\/strong><\/td><td><strong> <br><br>USTA<\/strong><\/td><\/tr><tr><td><strong> <br>Faculty of Health Sciences<\/strong><\/td><td><strong> <br>Physiotherapy and Rehabilitation<\/strong><\/td><td><strong> <br> <br>Yusufcan<\/strong><\/td><td><strong> <br><br>BOZKIZIL<\/strong><\/td><\/tr><tr><td><strong> <br>School of Health Services<\/strong><\/td><td><strong> <br>Radiation Therapy<\/strong><\/td><td><strong> <br> <br>Feyzi Can<\/strong><\/td><td><strong> <br><br>\u00d6ZTEK\u0130N<\/strong><\/td><\/tr><tr><td><strong> <br>Faculty of Applied Sciences<\/strong><\/td><td><strong> <br>Banking and Insurance<\/strong><\/td><td><strong> <br> Okan<\/strong><\/td><td><strong> <br>UZUN<\/strong><\/td><\/tr><\/tbody><\/table><\/figure>\n","protected":false},"excerpt":{"rendered":"<p>FACULTY DEPARTMENT NAME SURNAME School of Physical Education and Sports Exercise and Sport Sciences in Disabilities Talat Canberk(Student Council President) \u00d6T\u00dcML\u00dc Dentistry Faculty Dentistry B\u00fc\u015fra Sinem DEN\u0130Z Faculty of Fine Arts Interior Design Ayb\u00fcke Nur Y\u00dcCEL Faculty of Economics, Administrative, and Social Sciences Turkish Language and Literature Musab DO\u011eAN Istanbul Geli\u015fim Vocational School Occupational Health [&hellip;]<\/p>\n","protected":false},"author":2,"featured_media":0,"parent":0,"menu_order":0,"comment_status":"closed","ping_status":"closed","template":"","meta":{"_gspb_post_css":"","footnotes":""},"class_list":["post-2088","page","type-page","status-publish","hentry"],"_links":{"self":[{"href":"https:\/\/welcometogelisim.org\/en\/wp-json\/wp\/v2\/pages\/2088","targetHints":{"allow":["GET"]}}],"collection":[{"href":"https:\/\/welcometogelisim.org\/en\/wp-json\/wp\/v2\/pages"}],"about":[{"href":"https:\/\/welcometogelisim.org\/en\/wp-json\/wp\/v2\/types\/page"}],"author":[{"embeddable":true,"href":"https:\/\/welcometogelisim.org\/en\/wp-json\/wp\/v2\/users\/2"}],"replies":[{"embeddable":true,"href":"https:\/\/welcometogelisim.org\/en\/wp-json\/wp\/v2\/comments?post=2088"}],"version-history":[{"count":2,"href":"https:\/\/welcometogelisim.org\/en\/wp-json\/wp\/v2\/pages\/2088\/revisions"}],"predecessor-version":[{"id":2091,"href":"https:\/\/welcometogelisim.org\/en\/wp-json\/wp\/v2\/pages\/2088\/revisions\/2091"}],"wp:attachment":[{"href":"https:\/\/welcometogelisim.org\/en\/wp-json\/wp\/v2\/media?parent=2088"}],"curies":[{"name":"wp","href":"https:\/\/api.w.org\/{rel}","templated":true}]}}