{"id":2080,"date":"2023-04-14T13:19:27","date_gmt":"2023-04-14T13:19:27","guid":{"rendered":"https:\/\/welcometogelisim.org\/ogr-gor-omer-faruk-soyler\/"},"modified":"2023-10-19T12:49:56","modified_gmt":"2023-10-19T12:49:56","slug":"omer-faruk-soyler","status":"publish","type":"page","link":"https:\/\/welcometogelisim.org\/en\/omer-faruk-soyler\/","title":{"rendered":"\u00d6MER FARUK S\u00d6YLER"},"content":{"rendered":"\t\t<div data-elementor-type=\"wp-page\" data-elementor-id=\"2080\" class=\"elementor elementor-2080 elementor-370\" data-elementor-settings=\"{&quot;ha_cmc_init_switcher&quot;:&quot;no&quot;}\" data-elementor-post-type=\"page\">\n\t\t\t\t\t\t<section class=\"elementor-section elementor-top-section elementor-element elementor-element-e6b1780 elementor-section-height-min-height elementor-section-boxed elementor-section-height-default elementor-section-items-middle\" data-id=\"e6b1780\" data-element_type=\"section\" data-e-type=\"section\" data-settings=\"{&quot;background_background&quot;:&quot;classic&quot;,&quot;_ha_eqh_enable&quot;:false}\">\n\t\t\t\t\t\t\t<div class=\"elementor-background-overlay\"><\/div>\n\t\t\t\t\t\t\t<div class=\"elementor-container elementor-column-gap-default\">\n\t\t\t\t\t<div class=\"elementor-column elementor-col-100 elementor-top-column elementor-element elementor-element-2a87232\" data-id=\"2a87232\" data-element_type=\"column\" data-e-type=\"column\">\n\t\t\t<div class=\"elementor-widget-wrap elementor-element-populated\">\n\t\t\t\t\t\t<div class=\"elementor-element elementor-element-ac7d10c elementor-widget elementor-widget-ha-page-title happy-addon ha-page-title\" data-id=\"ac7d10c\" data-element_type=\"widget\" data-e-type=\"widget\" data-widget_type=\"ha-page-title.default\">\n\t\t\t\t\t\t<div class=\"elementor-widget-container\">\n\t\t\t\t\t<h2 class=\"ha-page-title elementor-size-default\">\u00d6MER FARUK S\u00d6YLER<\/h2>\t\t\t\t<\/div>\n\t\t\t\t<\/div>\n\t\t\t\t<div class=\"elementor-element elementor-element-0f6f191 elementor-widget elementor-widget-ha-breadcrumbs happy-addon ha-breadcrumbs happy-addon-pro\" data-id=\"0f6f191\" data-element_type=\"widget\" data-e-type=\"widget\" data-widget_type=\"ha-breadcrumbs.default\">\n\t\t\t\t\t\t<div class=\"elementor-widget-container\">\n\t\t\t\t\t<ul class=\"ha-breadcrumbs\"><li class=\"ha-breadcrumbs-item ha-breadcrumbs-start\"><a href=\"https:\/\/welcometogelisim.org\/en\/\" rel=\"home\"><span class=\"ha-breadcrumbs-text\"><span class=\"ha-breadcrumbs-home-icon\"><span class=\"fas fa-home\" aria-hidden=\"true\"><\/span><\/span>Home Page<\/span><\/a><\/li><\/ul>\t\t\t\t<\/div>\n\t\t\t\t<\/div>\n\t\t\t\t\t<\/div>\n\t\t<\/div>\n\t\t\t\t\t<\/div>\n\t\t<\/section>\n\t\t\t\t<section class=\"elementor-section elementor-top-section elementor-element elementor-element-1859297 elementor-section-boxed elementor-section-height-default elementor-section-height-default\" data-id=\"1859297\" data-element_type=\"section\" data-e-type=\"section\" data-settings=\"{&quot;_ha_eqh_enable&quot;:false}\">\n\t\t\t\t\t\t<div class=\"elementor-container elementor-column-gap-default\">\n\t\t\t\t\t<div class=\"elementor-column elementor-col-50 elementor-top-column elementor-element elementor-element-3c44002\" data-id=\"3c44002\" data-element_type=\"column\" data-e-type=\"column\">\n\t\t\t<div class=\"elementor-widget-wrap elementor-element-populated\">\n\t\t\t\t\t\t<div class=\"elementor-element elementor-element-042fc06 elementor-widget elementor-widget-image\" data-id=\"042fc06\" data-element_type=\"widget\" data-e-type=\"widget\" data-widget_type=\"image.default\">\n\t\t\t\t\t\t<div class=\"elementor-widget-container\">\n\t\t\t\t\t\t\t\t\t\t\t\t\t\t\t<img fetchpriority=\"high\" decoding=\"async\" width=\"242\" height=\"270\" src=\"https:\/\/welcometogelisim.org\/wp-content\/uploads\/2023\/04\/ogr-gor-omer-faruk-soyler_62112137f7a046c99a47ff7ed8766b07.png\" class=\"attachment-large size-large wp-image-1366\" alt=\"\" \/>\t\t\t\t\t\t\t\t\t\t\t\t\t\t\t<\/div>\n\t\t\t\t<\/div>\n\t\t\t\t\t<\/div>\n\t\t<\/div>\n\t\t\t\t<div class=\"elementor-column elementor-col-50 elementor-top-column elementor-element elementor-element-40b4d80\" data-id=\"40b4d80\" data-element_type=\"column\" data-e-type=\"column\">\n\t\t\t<div class=\"elementor-widget-wrap elementor-element-populated\">\n\t\t\t\t\t\t<div class=\"elementor-element elementor-element-3eeaa5b elementor-widget elementor-widget-text-editor\" data-id=\"3eeaa5b\" data-element_type=\"widget\" data-e-type=\"widget\" data-widget_type=\"text-editor.default\">\n\t\t\t\t\t\t<div class=\"elementor-widget-container\">\n\t\t\t\t\t\t\t\t\t<p>\u00d6mer Faruk S\u00f6yler was born in 1991 in Dumlup\u0131nar, K\u00fctahya. He completed his undergraduate education in U\u015fak University, Faculty of Fine Arts, Department of Ceramics in 2014 with a degree. He completed his internship at the Legend Tile Workshop (Ref-San Ceramic-Glass machines). He started his graduate studies at the same university in 2014. S\u00f6yler has participated in many national and international group exhibitions and events. The artist also has works in England and Romania. He was deemed worthy of the International Achievement Award and the International Special Award in his field. Between 2014-2018, she worked as a Ceramic Teacher at the U\u015fak Community Mental Health Center.<\/p><p>He is still continuing his master&#8217;s degree at U\u015fak University Graduate Education Institute, Ceramics Department. At the same time, he continues to work as an Instructor in Istanbul Geli\u015fim University Geli\u015fim Vocational School, Architectural Decorative Arts Program.<\/p><p>Here are some examples of the artist&#8217;s works that he prepared within the framework of &#8220;Life on Land&#8221;, which is included in the 14th article of the United Nations Sustainable Development Goals:<\/p>\t\t\t\t\t\t\t\t<\/div>\n\t\t\t\t<\/div>\n\t\t\t\t\t<\/div>\n\t\t<\/div>\n\t\t\t\t\t<\/div>\n\t\t<\/section>\n\t\t\t\t<section class=\"elementor-section elementor-top-section elementor-element elementor-element-aa39e20 elementor-section-boxed elementor-section-height-default elementor-section-height-default\" data-id=\"aa39e20\" data-element_type=\"section\" data-e-type=\"section\" data-settings=\"{&quot;_ha_eqh_enable&quot;:false}\">\n\t\t\t\t\t\t<div class=\"elementor-container elementor-column-gap-default\">\n\t\t\t\t\t<div class=\"elementor-column elementor-col-100 elementor-top-column elementor-element elementor-element-1131ecb\" data-id=\"1131ecb\" data-element_type=\"column\" data-e-type=\"column\">\n\t\t\t<div class=\"elementor-widget-wrap elementor-element-populated\">\n\t\t\t\t\t\t<div class=\"elementor-element elementor-element-d0b9e26 elementor-widget elementor-widget-heading\" data-id=\"d0b9e26\" data-element_type=\"widget\" data-e-type=\"widget\" data-widget_type=\"heading.default\">\n\t\t\t\t\t\t<div class=\"elementor-widget-container\">\n\t\t\t\t\t<h2 class=\"elementor-heading-title elementor-size-default\">Some studies;<\/h2>\t\t\t\t<\/div>\n\t\t\t\t<\/div>\n\t\t\t\t<div class=\"elementor-element elementor-element-8e1b8a9 ha-image-grid--masonry elementor-widget elementor-widget-ha-image-grid happy-addon ha-image-grid\" data-id=\"8e1b8a9\" data-element_type=\"widget\" data-e-type=\"widget\" data-settings=\"{&quot;layout&quot;:&quot;masonry&quot;,&quot;enable_popup&quot;:&quot;yes&quot;}\" data-widget_type=\"ha-image-grid.default\">\n\t\t\t\t\t\t<div class=\"elementor-widget-container\">\n\t\t\t\t\t\n\t\t<div class=\"ha-image-grid__wrap hajs-isotope ha-lightbox--has\">\n\t\t\t\t\t\t\t\n\t\t\t\t<a href=\"#\" data-mfp-src=\"https:\/\/welcometogelisim.org\/wp-content\/uploads\/2023\/04\/img-1_55a7fb6ffb0a4302afc581ca038c8a8d.png\" class=\"ha-image-grid__item ha-js-lightbox __fltr-1\">\n\t\t\t\t\t<img decoding=\"async\" width=\"286\" height=\"400\" src=\"https:\/\/welcometogelisim.org\/wp-content\/uploads\/2023\/04\/img-1_55a7fb6ffb0a4302afc581ca038c8a8d.png\" class=\"elementor-animation-grow\" alt=\"\" srcset=\"https:\/\/welcometogelisim.org\/wp-content\/uploads\/2023\/04\/img-1_55a7fb6ffb0a4302afc581ca038c8a8d.png 286w, https:\/\/welcometogelisim.org\/wp-content\/uploads\/2023\/04\/img-1_55a7fb6ffb0a4302afc581ca038c8a8d-215x300.png 215w\" sizes=\"(max-width: 286px) 100vw, 286px\" \/>\t\t\t\t<\/a>\n\t\t\t\t\t\t\t\n\t\t\t\t<a href=\"#\" data-mfp-src=\"https:\/\/welcometogelisim.org\/wp-content\/uploads\/2023\/04\/img-2_0b565f6be23147aaa2ffa3a266d81a9e.png\" class=\"ha-image-grid__item ha-js-lightbox __fltr-1\">\n\t\t\t\t\t<img decoding=\"async\" width=\"381\" height=\"245\" src=\"https:\/\/welcometogelisim.org\/wp-content\/uploads\/2023\/04\/img-2_0b565f6be23147aaa2ffa3a266d81a9e.png\" class=\"elementor-animation-grow\" alt=\"\" srcset=\"https:\/\/welcometogelisim.org\/wp-content\/uploads\/2023\/04\/img-2_0b565f6be23147aaa2ffa3a266d81a9e.png 381w, https:\/\/welcometogelisim.org\/wp-content\/uploads\/2023\/04\/img-2_0b565f6be23147aaa2ffa3a266d81a9e-300x193.png 300w\" sizes=\"(max-width: 381px) 100vw, 381px\" \/>\t\t\t\t<\/a>\n\t\t\t\t\t\t\t\n\t\t\t\t<a href=\"#\" data-mfp-src=\"https:\/\/welcometogelisim.org\/wp-content\/uploads\/2023\/04\/img-3_e8bf3e0c43a743229140c3c1ea4b6c65.png\" class=\"ha-image-grid__item ha-js-lightbox __fltr-1\">\n\t\t\t\t\t<img loading=\"lazy\" decoding=\"async\" width=\"481\" height=\"357\" src=\"https:\/\/welcometogelisim.org\/wp-content\/uploads\/2023\/04\/img-3_e8bf3e0c43a743229140c3c1ea4b6c65.png\" class=\"elementor-animation-grow\" alt=\"\" srcset=\"https:\/\/welcometogelisim.org\/wp-content\/uploads\/2023\/04\/img-3_e8bf3e0c43a743229140c3c1ea4b6c65.png 481w, https:\/\/welcometogelisim.org\/wp-content\/uploads\/2023\/04\/img-3_e8bf3e0c43a743229140c3c1ea4b6c65-300x223.png 300w\" sizes=\"(max-width: 481px) 100vw, 481px\" \/>\t\t\t\t<\/a>\n\t\t\t\t\t\t\t\n\t\t\t\t<a href=\"#\" data-mfp-src=\"https:\/\/welcometogelisim.org\/wp-content\/uploads\/2023\/04\/img-4_da2610d0791a4ffdb76ff44fff35d9e7.png\" class=\"ha-image-grid__item ha-js-lightbox __fltr-1\">\n\t\t\t\t\t<img loading=\"lazy\" decoding=\"async\" width=\"627\" height=\"403\" src=\"https:\/\/welcometogelisim.org\/wp-content\/uploads\/2023\/04\/img-4_da2610d0791a4ffdb76ff44fff35d9e7.png\" class=\"elementor-animation-grow\" alt=\"\" srcset=\"https:\/\/welcometogelisim.org\/wp-content\/uploads\/2023\/04\/img-4_da2610d0791a4ffdb76ff44fff35d9e7.png 627w, https:\/\/welcometogelisim.org\/wp-content\/uploads\/2023\/04\/img-4_da2610d0791a4ffdb76ff44fff35d9e7-300x193.png 300w\" sizes=\"(max-width: 627px) 100vw, 627px\" \/>\t\t\t\t<\/a>\n\t\t\t\t\t<\/div>\n\n\t\t\t\t\t\t<\/div>\n\t\t\t\t<\/div>\n\t\t\t\t\t<\/div>\n\t\t<\/div>\n\t\t\t\t\t<\/div>\n\t\t<\/section>\n\t\t\t\t<\/div>\n\t\t","protected":false},"excerpt":{"rendered":"<p>\u00d6MER FARUK S\u00d6YLER Home Page \u00d6mer Faruk S\u00f6yler was born in 1991 in Dumlup\u0131nar, K\u00fctahya. He completed his undergraduate education in U\u015fak University, Faculty of Fine Arts, Department of Ceramics in 2014 with a degree. He completed his internship at the Legend Tile Workshop (Ref-San Ceramic-Glass machines). He started his graduate studies at the same [&hellip;]<\/p>\n","protected":false},"author":2,"featured_media":0,"parent":0,"menu_order":0,"comment_status":"closed","ping_status":"closed","template":"","meta":{"_gspb_post_css":"","footnotes":""},"class_list":["post-2080","page","type-page","status-publish","hentry"],"_links":{"self":[{"href":"https:\/\/welcometogelisim.org\/en\/wp-json\/wp\/v2\/pages\/2080","targetHints":{"allow":["GET"]}}],"collection":[{"href":"https:\/\/welcometogelisim.org\/en\/wp-json\/wp\/v2\/pages"}],"about":[{"href":"https:\/\/welcometogelisim.org\/en\/wp-json\/wp\/v2\/types\/page"}],"author":[{"embeddable":true,"href":"https:\/\/welcometogelisim.org\/en\/wp-json\/wp\/v2\/users\/2"}],"replies":[{"embeddable":true,"href":"https:\/\/welcometogelisim.org\/en\/wp-json\/wp\/v2\/comments?post=2080"}],"version-history":[{"count":7,"href":"https:\/\/welcometogelisim.org\/en\/wp-json\/wp\/v2\/pages\/2080\/revisions"}],"predecessor-version":[{"id":2087,"href":"https:\/\/welcometogelisim.org\/en\/wp-json\/wp\/v2\/pages\/2080\/revisions\/2087"}],"wp:attachment":[{"href":"https:\/\/welcometogelisim.org\/en\/wp-json\/wp\/v2\/media?parent=2080"}],"curies":[{"name":"wp","href":"https:\/\/api.w.org\/{rel}","templated":true}]}}