{"id":2021,"date":"2023-04-14T11:54:56","date_gmt":"2023-04-14T11:54:56","guid":{"rendered":"https:\/\/welcometogelisim.org\/erasmus\/"},"modified":"2025-01-07T08:18:29","modified_gmt":"2025-01-07T08:18:29","slug":"erasmus","status":"publish","type":"page","link":"https:\/\/welcometogelisim.org\/en\/erasmus\/","title":{"rendered":"Erasmus+"},"content":{"rendered":"\t\t<div data-elementor-type=\"wp-page\" data-elementor-id=\"2021\" class=\"elementor elementor-2021 elementor-335\" data-elementor-settings=\"{&quot;ha_cmc_init_switcher&quot;:&quot;no&quot;}\" data-elementor-post-type=\"page\">\n\t\t\t\t\t\t<section class=\"elementor-section elementor-top-section elementor-element elementor-element-172d4bc elementor-section-height-min-height elementor-section-boxed elementor-section-height-default elementor-section-items-middle\" data-id=\"172d4bc\" data-element_type=\"section\" data-e-type=\"section\" data-settings=\"{&quot;background_background&quot;:&quot;classic&quot;,&quot;_ha_eqh_enable&quot;:false}\">\n\t\t\t\t\t\t\t<div class=\"elementor-background-overlay\"><\/div>\n\t\t\t\t\t\t\t<div class=\"elementor-container elementor-column-gap-default\">\n\t\t\t\t\t<div class=\"elementor-column elementor-col-100 elementor-top-column elementor-element elementor-element-9cf5650\" data-id=\"9cf5650\" data-element_type=\"column\" data-e-type=\"column\">\n\t\t\t<div class=\"elementor-widget-wrap elementor-element-populated\">\n\t\t\t\t\t\t<div class=\"elementor-element elementor-element-a852624 elementor-widget elementor-widget-ha-page-title happy-addon ha-page-title\" data-id=\"a852624\" data-element_type=\"widget\" data-e-type=\"widget\" data-widget_type=\"ha-page-title.default\">\n\t\t\t\t\t\t<div class=\"elementor-widget-container\">\n\t\t\t\t\t<h2 class=\"ha-page-title elementor-size-default\">Erasmus+<\/h2>\t\t\t\t<\/div>\n\t\t\t\t<\/div>\n\t\t\t\t<div class=\"elementor-element elementor-element-1debcc5 elementor-widget elementor-widget-ha-breadcrumbs happy-addon ha-breadcrumbs happy-addon-pro\" data-id=\"1debcc5\" data-element_type=\"widget\" data-e-type=\"widget\" data-widget_type=\"ha-breadcrumbs.default\">\n\t\t\t\t\t\t<div class=\"elementor-widget-container\">\n\t\t\t\t\t<ul class=\"ha-breadcrumbs\"><li class=\"ha-breadcrumbs-item ha-breadcrumbs-start\"><a href=\"https:\/\/welcometogelisim.org\/en\/\" rel=\"home\"><span class=\"ha-breadcrumbs-text\"><span class=\"ha-breadcrumbs-home-icon\"><span class=\"fas fa-home\" aria-hidden=\"true\"><\/span><\/span>Ana Sayfa<\/span><\/a><\/li><\/ul>\t\t\t\t<\/div>\n\t\t\t\t<\/div>\n\t\t\t\t\t<\/div>\n\t\t<\/div>\n\t\t\t\t\t<\/div>\n\t\t<\/section>\n\t\t\t\t<section class=\"elementor-section elementor-top-section elementor-element elementor-element-c346e6e elementor-section-boxed elementor-section-height-default elementor-section-height-default\" data-id=\"c346e6e\" data-element_type=\"section\" data-e-type=\"section\" data-settings=\"{&quot;_ha_eqh_enable&quot;:false}\">\n\t\t\t\t\t\t<div class=\"elementor-container elementor-column-gap-default\">\n\t\t\t\t\t<div class=\"elementor-column elementor-col-50 elementor-top-column elementor-element elementor-element-50b8071\" data-id=\"50b8071\" data-element_type=\"column\" data-e-type=\"column\">\n\t\t\t<div class=\"elementor-widget-wrap elementor-element-populated\">\n\t\t\t\t\t\t<div class=\"elementor-element elementor-element-02509f4 elementor-widget elementor-widget-image\" data-id=\"02509f4\" data-element_type=\"widget\" data-e-type=\"widget\" data-widget_type=\"image.default\">\n\t\t\t\t\t\t<div class=\"elementor-widget-container\">\n\t\t\t\t\t\t\t\t\t\t\t\t\t\t\t<img fetchpriority=\"high\" decoding=\"async\" width=\"800\" height=\"533\" src=\"https:\/\/welcometogelisim.org\/wp-content\/uploads\/2023\/04\/erasmus.webp\" class=\"attachment-large size-large wp-image-1357\" alt=\"\" srcset=\"https:\/\/welcometogelisim.org\/wp-content\/uploads\/2023\/04\/erasmus.webp 900w, https:\/\/welcometogelisim.org\/wp-content\/uploads\/2023\/04\/erasmus-300x200.webp 300w, https:\/\/welcometogelisim.org\/wp-content\/uploads\/2023\/04\/erasmus-768x512.webp 768w\" sizes=\"(max-width: 800px) 100vw, 800px\" \/>\t\t\t\t\t\t\t\t\t\t\t\t\t\t\t<\/div>\n\t\t\t\t<\/div>\n\t\t\t\t\t<\/div>\n\t\t<\/div>\n\t\t\t\t<div class=\"elementor-column elementor-col-50 elementor-top-column elementor-element elementor-element-3897141\" data-id=\"3897141\" data-element_type=\"column\" data-e-type=\"column\">\n\t\t\t<div class=\"elementor-widget-wrap elementor-element-populated\">\n\t\t\t\t\t\t<div class=\"elementor-element elementor-element-17df651 elementor-widget elementor-widget-heading\" data-id=\"17df651\" data-element_type=\"widget\" data-e-type=\"widget\" data-widget_type=\"heading.default\">\n\t\t\t\t\t\t<div class=\"elementor-widget-container\">\n\t\t\t\t\t<h2 class=\"elementor-heading-title elementor-size-default\">Erasmus<\/h2>\t\t\t\t<\/div>\n\t\t\t\t<\/div>\n\t\t\t\t<div class=\"elementor-element elementor-element-3c19259 elementor-widget elementor-widget-text-editor\" data-id=\"3c19259\" data-element_type=\"widget\" data-e-type=\"widget\" data-widget_type=\"text-editor.default\">\n\t\t\t\t\t\t<div class=\"elementor-widget-container\">\n\t\t\t\t\t\t\t\t\t<p>De\u011fi\u015fim Programlar\u0131 y\u00fcksek\u00f6\u011fretim kurumlar\u0131 aras\u0131nda i\u015fbirli\u011fini g\u00fc\u00e7lendirerek \u00e7e\u015fitli k\u00fclt\u00fcrleri akademik ve sosyal paydada bir araya getirmeyi hedeflemektedir. De\u011fi\u015fim Programlar\u0131 ba\u015fka bir \u00fclkede en fazla 12 ay \u00f6\u011frenim ve\/veya staj imk\u00e2n\u0131 sunan, kat\u0131l\u0131mc\u0131lar\u0131n ki\u015fisel geli\u015fimlerinin g\u00fc\u00e7lendirilmesini ve istihdam olanaklar\u0131n\u0131n art\u0131r\u0131lmas\u0131n\u0131 ama\u00e7layan programlard\u0131r. D\u0131\u015f \u0130li\u015fkiler Koordinat\u00f6rl\u00fc\u011f\u00fc taraf\u0131ndan y\u00fcr\u00fct\u00fclen de\u011fi\u015fim programlar\u0131 ayn\u0131 zamanda personellerin de yurt d\u0131\u015f\u0131ndaki bir kurumda e\u011fitim alma ve ders verme hareketlili\u011fine kat\u0131lmas\u0131, ortak konferans \u00e7al\u0131\u015fmalar\u0131 ve \u00e7ok disiplinli etkinliklerin d\u00fczenlenmesi gibi \u00e7e\u015fitli projeleri i\u00e7ermektedir. De\u011fi\u015fim programlar\u0131 kat\u0131l\u0131mc\u0131lara hem akademik hem de sosyal a\u00e7\u0131dan bir\u00e7ok katk\u0131da bulunmaktad\u0131r.<\/p>\n\t\t\t\t\t\t\t\t<\/div>\n\t\t\t\t<\/div>\n\t\t\t\t\t<\/div>\n\t\t<\/div>\n\t\t\t\t\t<\/div>\n\t\t<\/section>\n\t\t\t\t<section class=\"elementor-section elementor-top-section elementor-element elementor-element-51a130e elementor-section-boxed elementor-section-height-default elementor-section-height-default\" data-id=\"51a130e\" data-element_type=\"section\" data-e-type=\"section\" data-settings=\"{&quot;background_background&quot;:&quot;classic&quot;,&quot;_ha_eqh_enable&quot;:false}\">\n\t\t\t\t\t\t<div class=\"elementor-container elementor-column-gap-default\">\n\t\t\t\t\t<div class=\"elementor-column elementor-col-50 elementor-top-column elementor-element elementor-element-0fa0421\" data-id=\"0fa0421\" data-element_type=\"column\" data-e-type=\"column\">\n\t\t\t<div class=\"elementor-widget-wrap elementor-element-populated\">\n\t\t\t\t\t\t<div class=\"elementor-element elementor-element-ab2148d elementor-widget elementor-widget-heading\" data-id=\"ab2148d\" data-element_type=\"widget\" data-e-type=\"widget\" data-widget_type=\"heading.default\">\n\t\t\t\t\t\t<div class=\"elementor-widget-container\">\n\t\t\t\t\t<h2 class=\"elementor-heading-title elementor-size-default\">De\u011fi\u015fim Programlar\u0131;<\/h2>\t\t\t\t<\/div>\n\t\t\t\t<\/div>\n\t\t\t\t<div class=\"elementor-element elementor-element-676c4df elementor-icon-list--layout-traditional elementor-list-item-link-full_width elementor-widget elementor-widget-icon-list\" data-id=\"676c4df\" data-element_type=\"widget\" data-e-type=\"widget\" data-widget_type=\"icon-list.default\">\n\t\t\t\t\t\t<div class=\"elementor-widget-container\">\n\t\t\t\t\t\t\t<ul class=\"elementor-icon-list-items\">\n\t\t\t\t\t\t\t<li class=\"elementor-icon-list-item\">\n\t\t\t\t\t\t\t\t\t\t\t<span class=\"elementor-icon-list-icon\">\n\t\t\t\t\t\t\t<i aria-hidden=\"true\" class=\"fas fa-check\"><\/i>\t\t\t\t\t\t<\/span>\n\t\t\t\t\t\t\t\t\t\t<span class=\"elementor-icon-list-text\">\u00dclkeler aras\u0131 ve kurumsal i\u015fbirliklerinin artmas\u0131na,<\/span>\n\t\t\t\t\t\t\t\t\t<\/li>\n\t\t\t\t\t\t\t\t<li class=\"elementor-icon-list-item\">\n\t\t\t\t\t\t\t\t\t\t\t<span class=\"elementor-icon-list-icon\">\n\t\t\t\t\t\t\t<i aria-hidden=\"true\" class=\"fas fa-check\"><\/i>\t\t\t\t\t\t<\/span>\n\t\t\t\t\t\t\t\t\t\t<span class=\"elementor-icon-list-text\">\u00d6\u011frenci ve e\u011fitmenlerin k\u00fclt\u00fcrleraras\u0131 etkile\u015fiminin sa\u011flanmas\u0131na,<\/span>\n\t\t\t\t\t\t\t\t\t<\/li>\n\t\t\t\t\t\t\t\t<li class=\"elementor-icon-list-item\">\n\t\t\t\t\t\t\t\t\t\t\t<span class=\"elementor-icon-list-icon\">\n\t\t\t\t\t\t\t<i aria-hidden=\"true\" class=\"fas fa-check\"><\/i>\t\t\t\t\t\t<\/span>\n\t\t\t\t\t\t\t\t\t\t<span class=\"elementor-icon-list-text\">Kat\u0131l\u0131mc\u0131lar\u0131n mesleki ve ki\u015fisel becerilerinin artmas\u0131na,<\/span>\n\t\t\t\t\t\t\t\t\t<\/li>\n\t\t\t\t\t\t\t\t<li class=\"elementor-icon-list-item\">\n\t\t\t\t\t\t\t\t\t\t\t<span class=\"elementor-icon-list-icon\">\n\t\t\t\t\t\t\t<i aria-hidden=\"true\" class=\"fas fa-check\"><\/i>\t\t\t\t\t\t<\/span>\n\t\t\t\t\t\t\t\t\t\t<span class=\"elementor-icon-list-text\">Yurtd\u0131\u015f\u0131ndaki tan\u0131n\u0131rl\u0131\u011f\u0131n artmas\u0131na,<\/span>\n\t\t\t\t\t\t\t\t\t<\/li>\n\t\t\t\t\t\t\t\t<li class=\"elementor-icon-list-item\">\n\t\t\t\t\t\t\t\t\t\t\t<span class=\"elementor-icon-list-icon\">\n\t\t\t\t\t\t\t<i aria-hidden=\"true\" class=\"fas fa-check\"><\/i>\t\t\t\t\t\t<\/span>\n\t\t\t\t\t\t\t\t\t\t<span class=\"elementor-icon-list-text\">Yabanc\u0131 dillerin \u00f6\u011frenilmesine,<\/span>\n\t\t\t\t\t\t\t\t\t<\/li>\n\t\t\t\t\t\t\t\t<li class=\"elementor-icon-list-item\">\n\t\t\t\t\t\t\t\t\t\t\t<span class=\"elementor-icon-list-icon\">\n\t\t\t\t\t\t\t<i aria-hidden=\"true\" class=\"fas fa-check\"><\/i>\t\t\t\t\t\t<\/span>\n\t\t\t\t\t\t\t\t\t\t<span class=\"elementor-icon-list-text\">Etkili ileti\u015fim ve ki\u015finin kendini daha rahat ifade edebilmesine,<\/span>\n\t\t\t\t\t\t\t\t\t<\/li>\n\t\t\t\t\t\t\t\t<li class=\"elementor-icon-list-item\">\n\t\t\t\t\t\t\t\t\t\t\t<span class=\"elementor-icon-list-icon\">\n\t\t\t\t\t\t\t<i aria-hidden=\"true\" class=\"fas fa-check\"><\/i>\t\t\t\t\t\t<\/span>\n\t\t\t\t\t\t\t\t\t\t<span class=\"elementor-icon-list-text\">Farkl\u0131l\u0131klar\u0131 anlamaya ve takdir etmeye,<\/span>\n\t\t\t\t\t\t\t\t\t<\/li>\n\t\t\t\t\t\t\t\t<li class=\"elementor-icon-list-item\">\n\t\t\t\t\t\t\t\t\t\t\t<span class=\"elementor-icon-list-icon\">\n\t\t\t\t\t\t\t<i aria-hidden=\"true\" class=\"fas fa-check\"><\/i>\t\t\t\t\t\t<\/span>\n\t\t\t\t\t\t\t\t\t\t<span class=\"elementor-icon-list-text\">\u00d6zg\u00fcven kazanmaya ve kendi s\u0131n\u0131rlar\u0131n\u0131 tan\u0131maya,<\/span>\n\t\t\t\t\t\t\t\t\t<\/li>\n\t\t\t\t\t\t\t\t<li class=\"elementor-icon-list-item\">\n\t\t\t\t\t\t\t\t\t\t\t<span class=\"elementor-icon-list-icon\">\n\t\t\t\t\t\t\t<i aria-hidden=\"true\" class=\"fas fa-check\"><\/i>\t\t\t\t\t\t<\/span>\n\t\t\t\t\t\t\t\t\t\t<span class=\"elementor-icon-list-text\">De\u011fi\u015fik k\u00fclt\u00fcrlerin yak\u0131ndan tan\u0131nmas\u0131na katk\u0131 sa\u011flar.<\/span>\n\t\t\t\t\t\t\t\t\t<\/li>\n\t\t\t\t\t\t<\/ul>\n\t\t\t\t\t\t<\/div>\n\t\t\t\t<\/div>\n\t\t\t\t<div class=\"elementor-element elementor-element-5d35e63 elementor-widget elementor-widget-text-editor\" data-id=\"5d35e63\" data-element_type=\"widget\" data-e-type=\"widget\" data-widget_type=\"text-editor.default\">\n\t\t\t\t\t\t<div class=\"elementor-widget-container\">\n\t\t\t\t\t\t\t\t\t<p>Erasmus+ hakk\u0131nda anla\u015fmal\u0131 \u00fclke ve kurumlar, ba\u015fvuru tarihleri, s\u00fcreci, \u015fartlar\u0131 gibi merak etti\u011finiz konular i\u00e7in https:\/\/dio.gelisim.edu.tr\/ internet sitesini ya da D\u0131\u015f \u0130li\u015fkiler Koordinat\u00f6rl\u00fc\u011f\u00fc\u2019n\u00fc ziyaret edebilirsiniz.<\/p>\n\t\t\t\t\t\t\t\t<\/div>\n\t\t\t\t<\/div>\n\t\t\t\t\t<\/div>\n\t\t<\/div>\n\t\t\t\t<div class=\"elementor-column elementor-col-50 elementor-top-column elementor-element elementor-element-21f295e\" data-id=\"21f295e\" data-element_type=\"column\" data-e-type=\"column\">\n\t\t\t<div class=\"elementor-widget-wrap elementor-element-populated\">\n\t\t\t\t\t\t<div class=\"elementor-element elementor-element-1b71faf elementor-widget elementor-widget-image\" data-id=\"1b71faf\" data-element_type=\"widget\" data-e-type=\"widget\" data-widget_type=\"image.default\">\n\t\t\t\t\t\t<div class=\"elementor-widget-container\">\n\t\t\t\t\t\t\t\t\t\t\t\t\t\t\t<img decoding=\"async\" width=\"800\" height=\"576\" src=\"https:\/\/welcometogelisim.org\/wp-content\/uploads\/2023\/04\/erasmus-2-1024x737.jpg\" class=\"attachment-large size-large wp-image-1358\" alt=\"\" srcset=\"https:\/\/welcometogelisim.org\/wp-content\/uploads\/2023\/04\/erasmus-2-1024x737.jpg.webp 1024w, https:\/\/welcometogelisim.org\/wp-content\/uploads\/2023\/04\/erasmus-2-300x216.jpg.webp 300w, https:\/\/welcometogelisim.org\/wp-content\/uploads\/2023\/04\/erasmus-2-768x553.jpg.webp 768w, https:\/\/welcometogelisim.org\/wp-content\/uploads\/2023\/04\/erasmus-2.jpg.webp 1250w\" sizes=\"(max-width: 800px) 100vw, 800px\" \/>\t\t\t\t\t\t\t\t\t\t\t\t\t\t\t<\/div>\n\t\t\t\t<\/div>\n\t\t\t\t\t<\/div>\n\t\t<\/div>\n\t\t\t\t\t<\/div>\n\t\t<\/section>\n\t\t\t\t<section class=\"elementor-section elementor-top-section elementor-element elementor-element-b363b35 elementor-section-boxed elementor-section-height-default elementor-section-height-default\" data-id=\"b363b35\" data-element_type=\"section\" data-e-type=\"section\" data-settings=\"{&quot;_ha_eqh_enable&quot;:false}\">\n\t\t\t\t\t\t<div class=\"elementor-container elementor-column-gap-default\">\n\t\t\t\t\t<div class=\"elementor-column elementor-col-50 elementor-top-column elementor-element elementor-element-c1b7b63\" data-id=\"c1b7b63\" data-element_type=\"column\" data-e-type=\"column\">\n\t\t\t<div class=\"elementor-widget-wrap elementor-element-populated\">\n\t\t\t\t\t\t<div class=\"elementor-element elementor-element-2fb7975 elementor-widget elementor-widget-heading\" data-id=\"2fb7975\" data-element_type=\"widget\" data-e-type=\"widget\" data-widget_type=\"heading.default\">\n\t\t\t\t\t\t<div class=\"elementor-widget-container\">\n\t\t\t\t\t<h2 class=\"elementor-heading-title elementor-size-default\">\u00c7ift Anadal Program\u0131 (\u00c7AP)<\/h2>\t\t\t\t<\/div>\n\t\t\t\t<\/div>\n\t\t\t\t<div class=\"elementor-element elementor-element-8a5dea2 elementor-widget elementor-widget-text-editor\" data-id=\"8a5dea2\" data-element_type=\"widget\" data-e-type=\"widget\" data-widget_type=\"text-editor.default\">\n\t\t\t\t\t\t<div class=\"elementor-widget-container\">\n\t\t\t\t\t\t\t\t\t<p>\u00d6\u011frencilerin, ana dal lisans\/\u00f6n lisans program\u0131na bilim alan\u0131 bak\u0131m\u0131ndan yak\u0131n olan ba\u015fka bir b\u00f6l\u00fcm\u00fcn\/program\u0131n lisans\/\u00f6n lisans diplomas\u0131n\u0131 almalar\u0131n\u0131 sa\u011flayan ikinci lisans veya \u00f6n lisans diploma program\u0131n\u0131 ifade eder.<\/p>\n<p><u>Daha detayl\u0131 bilgi i\u00e7in <a href=\"https:\/\/oidb.gelisim.edu.tr\/sayfa\/cap\" target=\"_blank\" rel=\"noopener\">https:\/\/oidb.gelisim.edu.tr\/sayfa\/cap<\/a><\/u><\/p>\n<p><u>G\u00fcncel duyurular\u0131 takip etmek i\u00e7in <\/u><a href=\"https:\/\/oidb.gelisim.edu.tr\/\" target=\"_blank\" rel=\"noopener\">https:\/\/oidb.gelisim.edu.tr\/<\/a><\/p>\n\t\t\t\t\t\t\t\t<\/div>\n\t\t\t\t<\/div>\n\t\t\t\t\t<\/div>\n\t\t<\/div>\n\t\t\t\t<div class=\"elementor-column elementor-col-50 elementor-top-column elementor-element elementor-element-04da770\" data-id=\"04da770\" data-element_type=\"column\" data-e-type=\"column\">\n\t\t\t<div class=\"elementor-widget-wrap elementor-element-populated\">\n\t\t\t\t\t\t<div class=\"elementor-element elementor-element-5e83d5d elementor-widget elementor-widget-heading\" data-id=\"5e83d5d\" data-element_type=\"widget\" data-e-type=\"widget\" data-widget_type=\"heading.default\">\n\t\t\t\t\t\t<div class=\"elementor-widget-container\">\n\t\t\t\t\t<h2 class=\"elementor-heading-title elementor-size-default\">Yan Dal Program\u0131<\/h2>\t\t\t\t<\/div>\n\t\t\t\t<\/div>\n\t\t\t\t<div class=\"elementor-element elementor-element-269780c elementor-widget elementor-widget-text-editor\" data-id=\"269780c\" data-element_type=\"widget\" data-e-type=\"widget\" data-widget_type=\"text-editor.default\">\n\t\t\t\t\t\t<div class=\"elementor-widget-container\">\n\t\t\t\t\t\t\t\t\t<p>Bir diploma program\u0131na kay\u0131tl\u0131 \u00f6\u011frencinin \u00f6ng\u00f6r\u00fclen \u015fartlar\u0131 ta\u015f\u0131mas\u0131 kayd\u0131yla, ayn\u0131 y\u00fcksek\u00f6\u011fretim kurumu i\u00e7inde ba\u015fka bir diploma program\u0131 kapsam\u0131nda belirli bir konuya y\u00f6nelik s\u0131n\u0131rl\u0131 say\u0131da dersi almak suretiyle, diploma yerine ge\u00e7meyen bir belge (yandal sertifikas\u0131) alabilmelerini sa\u011flayan program\u0131 ifade eder.<\/p>\n<p>Daha detayl\u0131 bilgi i\u00e7in <a href=\"https:\/\/oidb.gelisim.edu.tr\/sayfa\/yandal\" target=\"_blank\" rel=\"noopener\">https:\/\/oidb.gelisim.edu.tr\/sayfa\/yandal<\/a><\/p>\n<p>G\u00fcncel duyurular\u0131 takip etmek i\u00e7in <a href=\"https:\/\/oidb.gelisim.edu.tr\/\" target=\"_blank\" rel=\"noopener\">https:\/\/oidb.gelisim.edu.tr\/<\/a><\/p>\n\t\t\t\t\t\t\t\t<\/div>\n\t\t\t\t<\/div>\n\t\t\t\t\t<\/div>\n\t\t<\/div>\n\t\t\t\t\t<\/div>\n\t\t<\/section>\n\t\t\t\t<section class=\"elementor-section elementor-top-section elementor-element elementor-element-25b13a5 elementor-section-content-middle elementor-section-boxed elementor-section-height-default elementor-section-height-default\" data-id=\"25b13a5\" data-element_type=\"section\" data-e-type=\"section\" data-settings=\"{&quot;background_background&quot;:&quot;classic&quot;,&quot;_ha_eqh_enable&quot;:false}\">\n\t\t\t\t\t\t<div class=\"elementor-container elementor-column-gap-default\">\n\t\t\t\t\t<div class=\"elementor-column elementor-col-50 elementor-top-column elementor-element elementor-element-11f42b0\" data-id=\"11f42b0\" data-element_type=\"column\" data-e-type=\"column\">\n\t\t\t<div class=\"elementor-widget-wrap elementor-element-populated\">\n\t\t\t\t\t\t<div class=\"elementor-element elementor-element-be10dd1 elementor-widget elementor-widget-heading\" data-id=\"be10dd1\" data-element_type=\"widget\" data-e-type=\"widget\" data-widget_type=\"heading.default\">\n\t\t\t\t\t\t<div class=\"elementor-widget-container\">\n\t\t\t\t\t<h2 class=\"elementor-heading-title elementor-size-default\">IGU Whatsapp Line<\/h2>\t\t\t\t<\/div>\n\t\t\t\t<\/div>\n\t\t\t\t<div class=\"elementor-element elementor-element-78c37da elementor-widget elementor-widget-text-editor\" data-id=\"78c37da\" data-element_type=\"widget\" data-e-type=\"widget\" data-widget_type=\"text-editor.default\">\n\t\t\t\t\t\t<div class=\"elementor-widget-container\">\n\t\t\t\t\t\t\t\t\t<p>To learn everything you want to know about Istanbul Geli\u015fim University, join our Whatsapp line and ask us!<\/p>\n\t\t\t\t\t\t\t\t<\/div>\n\t\t\t\t<\/div>\n\t\t\t\t\t<\/div>\n\t\t<\/div>\n\t\t\t\t<div class=\"elementor-column elementor-col-50 elementor-top-column elementor-element elementor-element-5a67553\" data-id=\"5a67553\" data-element_type=\"column\" data-e-type=\"column\">\n\t\t\t<div class=\"elementor-widget-wrap elementor-element-populated\">\n\t\t\t\t\t\t<div class=\"elementor-element elementor-element-a7706d0 elementor-align-center elementor-mobile-align-left elementor-widget elementor-widget-button\" data-id=\"a7706d0\" data-element_type=\"widget\" data-e-type=\"widget\" data-widget_type=\"button.default\">\n\t\t\t\t\t\t<div class=\"elementor-widget-container\">\n\t\t\t\t\t\t\t\t\t<div class=\"elementor-button-wrapper\">\n\t\t\t\t\t<a class=\"elementor-button elementor-button-link elementor-size-md\" href=\"https:\/\/wa.me\/+905310882297\" target=\"_blank\" rel=\"noopener\">\n\t\t\t\t\t\t<span class=\"elementor-button-content-wrapper\">\n\t\t\t\t\t\t<span class=\"elementor-button-icon\">\n\t\t\t\t<i aria-hidden=\"true\" class=\"fab fa-whatsapp\"><\/i>\t\t\t<\/span>\n\t\t\t\t\t\t\t\t\t<span class=\"elementor-button-text\">IGU Whatsapp<\/span>\n\t\t\t\t\t<\/span>\n\t\t\t\t\t<\/a>\n\t\t\t\t<\/div>\n\t\t\t\t\t\t\t\t<\/div>\n\t\t\t\t<\/div>\n\t\t\t\t\t<\/div>\n\t\t<\/div>\n\t\t\t\t\t<\/div>\n\t\t<\/section>\n\t\t\t\t<\/div>\n\t\t","protected":false},"excerpt":{"rendered":"<p>Ana Sayfa Erasmus De\u011fi\u015fim Programlar\u0131 y\u00fcksek\u00f6\u011fretim kurumlar\u0131 aras\u0131nda i\u015fbirli\u011fini g\u00fc\u00e7lendirerek \u00e7e\u015fitli k\u00fclt\u00fcrleri akademik ve sosyal paydada bir araya getirmeyi hedeflemektedir. De\u011fi\u015fim Programlar\u0131 ba\u015fka bir \u00fclkede en fazla 12 ay \u00f6\u011frenim ve\/veya staj imk\u00e2n\u0131 sunan, kat\u0131l\u0131mc\u0131lar\u0131n ki\u015fisel geli\u015fimlerinin g\u00fc\u00e7lendirilmesini ve istihdam olanaklar\u0131n\u0131n art\u0131r\u0131lmas\u0131n\u0131 ama\u00e7layan programlard\u0131r. D\u0131\u015f \u0130li\u015fkiler Koordinat\u00f6rl\u00fc\u011f\u00fc taraf\u0131ndan y\u00fcr\u00fct\u00fclen de\u011fi\u015fim programlar\u0131 ayn\u0131 zamanda personellerin de [&hellip;]<\/p>\n","protected":false},"author":2,"featured_media":0,"parent":0,"menu_order":0,"comment_status":"closed","ping_status":"closed","template":"","meta":{"_gspb_post_css":"","footnotes":""},"class_list":["post-2021","page","type-page","status-publish","hentry"],"_links":{"self":[{"href":"https:\/\/welcometogelisim.org\/en\/wp-json\/wp\/v2\/pages\/2021","targetHints":{"allow":["GET"]}}],"collection":[{"href":"https:\/\/welcometogelisim.org\/en\/wp-json\/wp\/v2\/pages"}],"about":[{"href":"https:\/\/welcometogelisim.org\/en\/wp-json\/wp\/v2\/types\/page"}],"author":[{"embeddable":true,"href":"https:\/\/welcometogelisim.org\/en\/wp-json\/wp\/v2\/users\/2"}],"replies":[{"embeddable":true,"href":"https:\/\/welcometogelisim.org\/en\/wp-json\/wp\/v2\/comments?post=2021"}],"version-history":[{"count":11,"href":"https:\/\/welcometogelisim.org\/en\/wp-json\/wp\/v2\/pages\/2021\/revisions"}],"predecessor-version":[{"id":6931,"href":"https:\/\/welcometogelisim.org\/en\/wp-json\/wp\/v2\/pages\/2021\/revisions\/6931"}],"wp:attachment":[{"href":"https:\/\/welcometogelisim.org\/en\/wp-json\/wp\/v2\/media?parent=2021"}],"curies":[{"name":"wp","href":"https:\/\/api.w.org\/{rel}","templated":true}]}}