{"id":1999,"date":"2023-04-14T13:49:51","date_gmt":"2023-04-14T13:49:51","guid":{"rendered":"https:\/\/welcometogelisim.org\/dr-ogr-uyesi-ahmet-ozel\/"},"modified":"2023-10-19T11:20:22","modified_gmt":"2023-10-19T11:20:22","slug":"asst-prof-dr-ahmet-ozel","status":"publish","type":"page","link":"https:\/\/welcometogelisim.org\/en\/asst-prof-dr-ahmet-ozel\/","title":{"rendered":"ASST. PROF. DR. AHMET \u00d6ZEL"},"content":{"rendered":"\t\t<div data-elementor-type=\"wp-page\" data-elementor-id=\"1999\" class=\"elementor elementor-1999 elementor-488\" data-elementor-settings=\"{&quot;ha_cmc_init_switcher&quot;:&quot;no&quot;}\" data-elementor-post-type=\"page\">\n\t\t\t\t\t\t<section class=\"elementor-section elementor-top-section elementor-element elementor-element-e6b1780 elementor-section-height-min-height elementor-section-boxed elementor-section-height-default elementor-section-items-middle\" data-id=\"e6b1780\" data-element_type=\"section\" data-e-type=\"section\" data-settings=\"{&quot;background_background&quot;:&quot;classic&quot;,&quot;_ha_eqh_enable&quot;:false}\">\n\t\t\t\t\t\t\t<div class=\"elementor-background-overlay\"><\/div>\n\t\t\t\t\t\t\t<div class=\"elementor-container elementor-column-gap-default\">\n\t\t\t\t\t<div class=\"elementor-column elementor-col-100 elementor-top-column elementor-element elementor-element-2a87232\" data-id=\"2a87232\" data-element_type=\"column\" data-e-type=\"column\">\n\t\t\t<div class=\"elementor-widget-wrap elementor-element-populated\">\n\t\t\t\t\t\t<div class=\"elementor-element elementor-element-ac7d10c elementor-widget elementor-widget-ha-page-title happy-addon ha-page-title\" data-id=\"ac7d10c\" data-element_type=\"widget\" data-e-type=\"widget\" data-widget_type=\"ha-page-title.default\">\n\t\t\t\t\t\t<div class=\"elementor-widget-container\">\n\t\t\t\t\t<h2 class=\"ha-page-title elementor-size-default\">ASST. PROF. DR. AHMET \u00d6ZEL<\/h2>\t\t\t\t<\/div>\n\t\t\t\t<\/div>\n\t\t\t\t<div class=\"elementor-element elementor-element-0f6f191 elementor-widget elementor-widget-ha-breadcrumbs happy-addon ha-breadcrumbs happy-addon-pro\" data-id=\"0f6f191\" data-element_type=\"widget\" data-e-type=\"widget\" data-widget_type=\"ha-breadcrumbs.default\">\n\t\t\t\t\t\t<div class=\"elementor-widget-container\">\n\t\t\t\t\t<ul class=\"ha-breadcrumbs\"><li class=\"ha-breadcrumbs-item ha-breadcrumbs-start\"><a href=\"https:\/\/welcometogelisim.org\/en\/\" rel=\"home\"><span class=\"ha-breadcrumbs-text\"><span class=\"ha-breadcrumbs-home-icon\"><span class=\"fas fa-home\" aria-hidden=\"true\"><\/span><\/span>Ana Sayfa<\/span><\/a><\/li><\/ul>\t\t\t\t<\/div>\n\t\t\t\t<\/div>\n\t\t\t\t\t<\/div>\n\t\t<\/div>\n\t\t\t\t\t<\/div>\n\t\t<\/section>\n\t\t\t\t<section class=\"elementor-section elementor-top-section elementor-element elementor-element-1859297 elementor-section-boxed elementor-section-height-default elementor-section-height-default\" data-id=\"1859297\" data-element_type=\"section\" data-e-type=\"section\" data-settings=\"{&quot;_ha_eqh_enable&quot;:false}\">\n\t\t\t\t\t\t<div class=\"elementor-container elementor-column-gap-default\">\n\t\t\t\t\t<div class=\"elementor-column elementor-col-50 elementor-top-column elementor-element elementor-element-3c44002\" data-id=\"3c44002\" data-element_type=\"column\" data-e-type=\"column\">\n\t\t\t<div class=\"elementor-widget-wrap elementor-element-populated\">\n\t\t\t\t\t\t<div class=\"elementor-element elementor-element-042fc06 elementor-widget elementor-widget-image\" data-id=\"042fc06\" data-element_type=\"widget\" data-e-type=\"widget\" data-widget_type=\"image.default\">\n\t\t\t\t\t\t<div class=\"elementor-widget-container\">\n\t\t\t\t\t\t\t\t\t\t\t\t\t\t\t<img fetchpriority=\"high\" decoding=\"async\" width=\"435\" height=\"562\" src=\"https:\/\/welcometogelisim.org\/wp-content\/uploads\/2023\/04\/image1-8.jpg\" class=\"attachment-large size-large wp-image-1427\" alt=\"\" srcset=\"https:\/\/welcometogelisim.org\/wp-content\/uploads\/2023\/04\/image1-8.jpg 435w, https:\/\/welcometogelisim.org\/wp-content\/uploads\/2023\/04\/image1-8-232x300.jpg 232w\" sizes=\"(max-width: 435px) 100vw, 435px\" \/>\t\t\t\t\t\t\t\t\t\t\t\t\t\t\t<\/div>\n\t\t\t\t<\/div>\n\t\t\t\t\t<\/div>\n\t\t<\/div>\n\t\t\t\t<div class=\"elementor-column elementor-col-50 elementor-top-column elementor-element elementor-element-40b4d80\" data-id=\"40b4d80\" data-element_type=\"column\" data-e-type=\"column\">\n\t\t\t<div class=\"elementor-widget-wrap elementor-element-populated\">\n\t\t\t\t\t\t<div class=\"elementor-element elementor-element-3eeaa5b elementor-widget elementor-widget-text-editor\" data-id=\"3eeaa5b\" data-element_type=\"widget\" data-e-type=\"widget\" data-widget_type=\"text-editor.default\">\n\t\t\t\t\t\t<div class=\"elementor-widget-container\">\n\t\t\t\t\t\t\t\t\t<p>Ahmet \u00d6zel was born in Biga, \u00c7anakkale in 1960. After graduating from Kabata\u015f High School for Boys in 1976, the artist started his education at the State Academy of Fine Arts, Painting Department, and graduated from IDGSA Painting Department in 1982. He also completed his graduate education at the same school. Between 1987-88, he conducted art research in Rome and Florence with an Italian art scholarship, and received training in painting restoration and appraisal. He worked at MSU Painting and Sculpture Museum between 1985 and 1997. In 1995, he completed his proficiency in art at the Faculty of Fine Arts at MU.<\/p><p>\u00a0<\/p><p>He has opened more than thirty personal exhibitions in private, domestic and abroad. The artist, who has participated in many mixed and group exhibitions at home and abroad, has participated in dozens of national and international workshops. His works are in the collections of institutions such as Akbank and Garanti Bank, as well as in Moscow Contemporary Art Museum, Japan, Tonami Municipality collection, and private collections of the United States, Russia, Italy, Germany, Romania, Greece, Austria, Slovenia and Japan. The works produced by the artist with his unique artistic understanding have been the important building blocks of Turkish Painting Art. His understanding and style of color and composition appear in his works as blotchy and abstract expressions, and from time to time as decorative and strong color aremonies. The artist, who continues to work as a Doctor Lecturer at Istanbul Geli\u015fim University, Faculty of Fine Arts, Graphic Design Department, continues his artistic studies in his workshop in Istanbul.<\/p>\t\t\t\t\t\t\t\t<\/div>\n\t\t\t\t<\/div>\n\t\t\t\t\t<\/div>\n\t\t<\/div>\n\t\t\t\t\t<\/div>\n\t\t<\/section>\n\t\t\t\t<section class=\"elementor-section elementor-top-section elementor-element elementor-element-aa39e20 elementor-section-boxed elementor-section-height-default elementor-section-height-default\" data-id=\"aa39e20\" data-element_type=\"section\" data-e-type=\"section\" data-settings=\"{&quot;_ha_eqh_enable&quot;:false}\">\n\t\t\t\t\t\t<div class=\"elementor-container elementor-column-gap-default\">\n\t\t\t\t\t<div class=\"elementor-column elementor-col-100 elementor-top-column elementor-element elementor-element-1131ecb\" data-id=\"1131ecb\" data-element_type=\"column\" data-e-type=\"column\">\n\t\t\t<div class=\"elementor-widget-wrap elementor-element-populated\">\n\t\t\t\t\t\t<div class=\"elementor-element elementor-element-d0b9e26 elementor-widget elementor-widget-heading\" data-id=\"d0b9e26\" data-element_type=\"widget\" data-e-type=\"widget\" data-widget_type=\"heading.default\">\n\t\t\t\t\t\t<div class=\"elementor-widget-container\">\n\t\t\t\t\t<h2 class=\"elementor-heading-title elementor-size-default\">Some studies;<\/h2>\t\t\t\t<\/div>\n\t\t\t\t<\/div>\n\t\t\t\t<div class=\"elementor-element elementor-element-8e1b8a9 ha-image-grid--masonry elementor-widget elementor-widget-ha-image-grid happy-addon ha-image-grid\" data-id=\"8e1b8a9\" data-element_type=\"widget\" data-e-type=\"widget\" data-settings=\"{&quot;layout&quot;:&quot;masonry&quot;,&quot;enable_popup&quot;:&quot;yes&quot;}\" data-widget_type=\"ha-image-grid.default\">\n\t\t\t\t\t\t<div class=\"elementor-widget-container\">\n\t\t\t\t\t\n\t\t<div class=\"ha-image-grid__wrap hajs-isotope ha-lightbox--has\">\n\t\t\t\t\t\t\t\n\t\t\t\t<a href=\"#\" data-mfp-src=\"https:\/\/welcometogelisim.org\/wp-content\/uploads\/2023\/04\/image2-9-680x1024.jpg\" class=\"ha-image-grid__item ha-js-lightbox __fltr-1\">\n\t\t\t\t\t<img decoding=\"async\" width=\"768\" height=\"1156\" src=\"https:\/\/welcometogelisim.org\/wp-content\/uploads\/2023\/04\/image2-9-768x1156.jpg\" class=\"elementor-animation-grow\" alt=\"\" srcset=\"https:\/\/welcometogelisim.org\/wp-content\/uploads\/2023\/04\/image2-9-768x1156.jpg 768w, https:\/\/welcometogelisim.org\/wp-content\/uploads\/2023\/04\/image2-9-199x300.jpg 199w, https:\/\/welcometogelisim.org\/wp-content\/uploads\/2023\/04\/image2-9-680x1024.jpg 680w, https:\/\/welcometogelisim.org\/wp-content\/uploads\/2023\/04\/image2-9.jpg 935w\" sizes=\"(max-width: 768px) 100vw, 768px\" \/>\t\t\t\t<\/a>\n\t\t\t\t\t\t\t\n\t\t\t\t<a href=\"#\" data-mfp-src=\"https:\/\/welcometogelisim.org\/wp-content\/uploads\/2023\/04\/image3-9-703x1024.jpg\" class=\"ha-image-grid__item ha-js-lightbox __fltr-1\">\n\t\t\t\t\t<img decoding=\"async\" width=\"768\" height=\"1119\" src=\"https:\/\/welcometogelisim.org\/wp-content\/uploads\/2023\/04\/image3-9-768x1119.jpg\" class=\"elementor-animation-grow\" alt=\"\" srcset=\"https:\/\/welcometogelisim.org\/wp-content\/uploads\/2023\/04\/image3-9-768x1119.jpg 768w, https:\/\/welcometogelisim.org\/wp-content\/uploads\/2023\/04\/image3-9-206x300.jpg 206w, https:\/\/welcometogelisim.org\/wp-content\/uploads\/2023\/04\/image3-9-703x1024.jpg 703w, https:\/\/welcometogelisim.org\/wp-content\/uploads\/2023\/04\/image3-9.jpg 966w\" sizes=\"(max-width: 768px) 100vw, 768px\" \/>\t\t\t\t<\/a>\n\t\t\t\t\t\t\t\n\t\t\t\t<a href=\"#\" data-mfp-src=\"https:\/\/welcometogelisim.org\/wp-content\/uploads\/2023\/04\/image4-8-628x1024.jpg\" class=\"ha-image-grid__item ha-js-lightbox __fltr-1\">\n\t\t\t\t\t<img loading=\"lazy\" decoding=\"async\" width=\"768\" height=\"1252\" src=\"https:\/\/welcometogelisim.org\/wp-content\/uploads\/2023\/04\/image4-8-768x1252.jpg\" class=\"elementor-animation-grow\" alt=\"\" srcset=\"https:\/\/welcometogelisim.org\/wp-content\/uploads\/2023\/04\/image4-8-768x1252.jpg 768w, https:\/\/welcometogelisim.org\/wp-content\/uploads\/2023\/04\/image4-8-184x300.jpg 184w, https:\/\/welcometogelisim.org\/wp-content\/uploads\/2023\/04\/image4-8-628x1024.jpg 628w, https:\/\/welcometogelisim.org\/wp-content\/uploads\/2023\/04\/image4-8.jpg 910w\" sizes=\"(max-width: 768px) 100vw, 768px\" \/>\t\t\t\t<\/a>\n\t\t\t\t\t\t\t\n\t\t\t\t<a href=\"#\" data-mfp-src=\"https:\/\/welcometogelisim.org\/wp-content\/uploads\/2023\/04\/image5-9-714x1024.jpg\" class=\"ha-image-grid__item ha-js-lightbox __fltr-1\">\n\t\t\t\t\t<img loading=\"lazy\" decoding=\"async\" width=\"768\" height=\"1102\" src=\"https:\/\/welcometogelisim.org\/wp-content\/uploads\/2023\/04\/image5-9-768x1102.jpg\" class=\"elementor-animation-grow\" alt=\"\" srcset=\"https:\/\/welcometogelisim.org\/wp-content\/uploads\/2023\/04\/image5-9-768x1102.jpg 768w, https:\/\/welcometogelisim.org\/wp-content\/uploads\/2023\/04\/image5-9-209x300.jpg 209w, https:\/\/welcometogelisim.org\/wp-content\/uploads\/2023\/04\/image5-9-714x1024.jpg 714w, https:\/\/welcometogelisim.org\/wp-content\/uploads\/2023\/04\/image5-9.jpg 1029w\" sizes=\"(max-width: 768px) 100vw, 768px\" \/>\t\t\t\t<\/a>\n\t\t\t\t\t\t\t\n\t\t\t\t<a href=\"#\" data-mfp-src=\"https:\/\/welcometogelisim.org\/wp-content\/uploads\/2023\/04\/image6-7-1024x924.jpg\" class=\"ha-image-grid__item ha-js-lightbox __fltr-1\">\n\t\t\t\t\t<img loading=\"lazy\" decoding=\"async\" width=\"768\" height=\"693\" src=\"https:\/\/welcometogelisim.org\/wp-content\/uploads\/2023\/04\/image6-7-768x693.jpg\" class=\"elementor-animation-grow\" alt=\"\" srcset=\"https:\/\/welcometogelisim.org\/wp-content\/uploads\/2023\/04\/image6-7-768x693.jpg 768w, https:\/\/welcometogelisim.org\/wp-content\/uploads\/2023\/04\/image6-7-300x271.jpg 300w, https:\/\/welcometogelisim.org\/wp-content\/uploads\/2023\/04\/image6-7-1024x924.jpg 1024w, https:\/\/welcometogelisim.org\/wp-content\/uploads\/2023\/04\/image6-7.jpg 1326w\" sizes=\"(max-width: 768px) 100vw, 768px\" \/>\t\t\t\t<\/a>\n\t\t\t\t\t<\/div>\n\n\t\t\t\t\t\t<\/div>\n\t\t\t\t<\/div>\n\t\t\t\t\t<\/div>\n\t\t<\/div>\n\t\t\t\t\t<\/div>\n\t\t<\/section>\n\t\t\t\t<\/div>\n\t\t","protected":false},"excerpt":{"rendered":"<p>ASST. PROF. DR. \u00dcYES\u0130 AHMET \u00d6ZEL Ana Sayfa Ahmet \u00d6zel was born in Biga, \u00c7anakkale in 1960. After graduating from Kabata\u015f High School for Boys in 1976, the artist started his education at the State Academy of Fine Arts, Painting Department, and graduated from IDGSA Painting Department in 1982. He also completed his graduate education [&hellip;]<\/p>\n","protected":false},"author":2,"featured_media":0,"parent":0,"menu_order":0,"comment_status":"closed","ping_status":"closed","template":"","meta":{"_gspb_post_css":"","footnotes":""},"class_list":["post-1999","page","type-page","status-publish","hentry"],"_links":{"self":[{"href":"https:\/\/welcometogelisim.org\/en\/wp-json\/wp\/v2\/pages\/1999","targetHints":{"allow":["GET"]}}],"collection":[{"href":"https:\/\/welcometogelisim.org\/en\/wp-json\/wp\/v2\/pages"}],"about":[{"href":"https:\/\/welcometogelisim.org\/en\/wp-json\/wp\/v2\/types\/page"}],"author":[{"embeddable":true,"href":"https:\/\/welcometogelisim.org\/en\/wp-json\/wp\/v2\/users\/2"}],"replies":[{"embeddable":true,"href":"https:\/\/welcometogelisim.org\/en\/wp-json\/wp\/v2\/comments?post=1999"}],"version-history":[{"count":6,"href":"https:\/\/welcometogelisim.org\/en\/wp-json\/wp\/v2\/pages\/1999\/revisions"}],"predecessor-version":[{"id":2005,"href":"https:\/\/welcometogelisim.org\/en\/wp-json\/wp\/v2\/pages\/1999\/revisions\/2005"}],"wp:attachment":[{"href":"https:\/\/welcometogelisim.org\/en\/wp-json\/wp\/v2\/media?parent=1999"}],"curies":[{"name":"wp","href":"https:\/\/api.w.org\/{rel}","templated":true}]}}