{"id":1990,"date":"2023-04-14T13:47:33","date_gmt":"2023-04-14T13:47:33","guid":{"rendered":"https:\/\/welcometogelisim.org\/doc-dr-sibel-avci-tugal\/"},"modified":"2023-10-19T10:24:48","modified_gmt":"2023-10-19T10:24:48","slug":"assoc-prof-dr-sibel-avci-tugal","status":"publish","type":"page","link":"https:\/\/welcometogelisim.org\/en\/assoc-prof-dr-sibel-avci-tugal\/","title":{"rendered":"Assoc. Prof. Dr. S\u0130BEL AVCI TU\u011eAL"},"content":{"rendered":"\t\t<div data-elementor-type=\"wp-page\" data-elementor-id=\"1990\" class=\"elementor elementor-1990 elementor-476\" data-elementor-settings=\"{&quot;ha_cmc_init_switcher&quot;:&quot;no&quot;}\" data-elementor-post-type=\"page\">\n\t\t\t\t\t\t<section class=\"elementor-section elementor-top-section elementor-element elementor-element-e6b1780 elementor-section-height-min-height elementor-section-boxed elementor-section-height-default elementor-section-items-middle\" data-id=\"e6b1780\" data-element_type=\"section\" data-e-type=\"section\" data-settings=\"{&quot;background_background&quot;:&quot;classic&quot;,&quot;_ha_eqh_enable&quot;:false}\">\n\t\t\t\t\t\t\t<div class=\"elementor-background-overlay\"><\/div>\n\t\t\t\t\t\t\t<div class=\"elementor-container elementor-column-gap-default\">\n\t\t\t\t\t<div class=\"elementor-column elementor-col-100 elementor-top-column elementor-element elementor-element-2a87232\" data-id=\"2a87232\" data-element_type=\"column\" data-e-type=\"column\">\n\t\t\t<div class=\"elementor-widget-wrap elementor-element-populated\">\n\t\t\t\t\t\t<div class=\"elementor-element elementor-element-ac7d10c elementor-widget elementor-widget-ha-page-title happy-addon ha-page-title\" data-id=\"ac7d10c\" data-element_type=\"widget\" data-e-type=\"widget\" data-widget_type=\"ha-page-title.default\">\n\t\t\t\t\t\t<div class=\"elementor-widget-container\">\n\t\t\t\t\t<h2 class=\"ha-page-title elementor-size-default\">Assoc. Prof. Dr. S\u0130BEL AVCI TU\u011eAL<\/h2>\t\t\t\t<\/div>\n\t\t\t\t<\/div>\n\t\t\t\t<div class=\"elementor-element elementor-element-0f6f191 elementor-widget elementor-widget-ha-breadcrumbs happy-addon ha-breadcrumbs happy-addon-pro\" data-id=\"0f6f191\" data-element_type=\"widget\" data-e-type=\"widget\" data-widget_type=\"ha-breadcrumbs.default\">\n\t\t\t\t\t\t<div class=\"elementor-widget-container\">\n\t\t\t\t\t<ul class=\"ha-breadcrumbs\"><li class=\"ha-breadcrumbs-item ha-breadcrumbs-start\"><a href=\"https:\/\/welcometogelisim.org\/en\/\" rel=\"home\"><span class=\"ha-breadcrumbs-text\"><span class=\"ha-breadcrumbs-home-icon\"><span class=\"fas fa-home\" aria-hidden=\"true\"><\/span><\/span>Home Page<\/span><\/a><\/li><\/ul>\t\t\t\t<\/div>\n\t\t\t\t<\/div>\n\t\t\t\t\t<\/div>\n\t\t<\/div>\n\t\t\t\t\t<\/div>\n\t\t<\/section>\n\t\t\t\t<section class=\"elementor-section elementor-top-section elementor-element elementor-element-1859297 elementor-section-boxed elementor-section-height-default elementor-section-height-default\" data-id=\"1859297\" data-element_type=\"section\" data-e-type=\"section\" data-settings=\"{&quot;_ha_eqh_enable&quot;:false}\">\n\t\t\t\t\t\t<div class=\"elementor-container elementor-column-gap-default\">\n\t\t\t\t\t<div class=\"elementor-column elementor-col-50 elementor-top-column elementor-element elementor-element-3c44002\" data-id=\"3c44002\" data-element_type=\"column\" data-e-type=\"column\">\n\t\t\t<div class=\"elementor-widget-wrap elementor-element-populated\">\n\t\t\t\t\t\t<div class=\"elementor-element elementor-element-042fc06 elementor-widget elementor-widget-image\" data-id=\"042fc06\" data-element_type=\"widget\" data-e-type=\"widget\" data-widget_type=\"image.default\">\n\t\t\t\t\t\t<div class=\"elementor-widget-container\">\n\t\t\t\t\t\t\t\t\t\t\t\t\t\t\t<img fetchpriority=\"high\" decoding=\"async\" width=\"346\" height=\"418\" src=\"https:\/\/welcometogelisim.org\/wp-content\/uploads\/2023\/04\/image1-7.jpg\" class=\"attachment-large size-large wp-image-1421\" alt=\"\" srcset=\"https:\/\/welcometogelisim.org\/wp-content\/uploads\/2023\/04\/image1-7.jpg 346w, https:\/\/welcometogelisim.org\/wp-content\/uploads\/2023\/04\/image1-7-248x300.jpg 248w\" sizes=\"(max-width: 346px) 100vw, 346px\" \/>\t\t\t\t\t\t\t\t\t\t\t\t\t\t\t<\/div>\n\t\t\t\t<\/div>\n\t\t\t\t\t<\/div>\n\t\t<\/div>\n\t\t\t\t<div class=\"elementor-column elementor-col-50 elementor-top-column elementor-element elementor-element-40b4d80\" data-id=\"40b4d80\" data-element_type=\"column\" data-e-type=\"column\">\n\t\t\t<div class=\"elementor-widget-wrap elementor-element-populated\">\n\t\t\t\t\t\t<div class=\"elementor-element elementor-element-3eeaa5b elementor-widget elementor-widget-text-editor\" data-id=\"3eeaa5b\" data-element_type=\"widget\" data-e-type=\"widget\" data-widget_type=\"text-editor.default\">\n\t\t\t\t\t\t<div class=\"elementor-widget-container\">\n\t\t\t\t\t\t\t\t\t<p>Assoc. Prof. Dr. Sibel Avc\u0131 Tu\u011fal graduated from Istanbul Technical University, Faculty of Electrical and Electronics, Electronics and Communications Department as an Engineer. The artist has focused on &#8216;Digital Art&#8217; since 1995. Avc\u0131 worked and produced art in Canada between 2003 and 2006. He completed his master&#8217;s and doctoral studies at Avc\u0131 I\u015f\u0131k University. In 2007, she took part in the founding staff of I\u015f\u0131k University, Faculty of Fine Arts, Design and Architecture, Department of Graphic Design. She is still working as an Associate Professor.<\/p><p>\u00a0<\/p><p>Sibel Avc\u0131 Tu\u011fal&#8217;s father has also worked on painting since childhood in a family where she is a Famous Turkish Painter. The artist has held 5 personal exhibitions and participated in many group exhibitions so far. He is one of the most important and successful artists in the field of Digital Art in Turkish painting. He has a dynamic artistic personality. In addition to her book Op Art, Sibel Avc\u0131 Tu\u011fal has written Digital Art books and presented many papers on digital art. The artist has two PhDs in the field of art. Sibel Avc\u0131 Tu\u011fal, who creates the synthesis of engineering and art, has received many awards as a young artist and has achieved important successes.<\/p><p>\u00a0<\/p><p>Some examples of the works of the artist, which she prepared within the framework of <strong>&#8220;Good Health and Well Being&#8221; in Article 3<\/strong> and <strong>&#8220;Quality Education&#8221; in Article 4 <\/strong>of the United Nations Sustainable <\/p>\t\t\t\t\t\t\t\t<\/div>\n\t\t\t\t<\/div>\n\t\t\t\t\t<\/div>\n\t\t<\/div>\n\t\t\t\t\t<\/div>\n\t\t<\/section>\n\t\t\t\t<section class=\"elementor-section elementor-top-section elementor-element elementor-element-aa39e20 elementor-section-boxed elementor-section-height-default elementor-section-height-default\" data-id=\"aa39e20\" data-element_type=\"section\" data-e-type=\"section\" data-settings=\"{&quot;_ha_eqh_enable&quot;:false}\">\n\t\t\t\t\t\t<div class=\"elementor-container elementor-column-gap-default\">\n\t\t\t\t\t<div class=\"elementor-column elementor-col-100 elementor-top-column elementor-element elementor-element-1131ecb\" data-id=\"1131ecb\" data-element_type=\"column\" data-e-type=\"column\">\n\t\t\t<div class=\"elementor-widget-wrap elementor-element-populated\">\n\t\t\t\t\t\t<div class=\"elementor-element elementor-element-d0b9e26 elementor-widget elementor-widget-heading\" data-id=\"d0b9e26\" data-element_type=\"widget\" data-e-type=\"widget\" data-widget_type=\"heading.default\">\n\t\t\t\t\t\t<div class=\"elementor-widget-container\">\n\t\t\t\t\t<h2 class=\"elementor-heading-title elementor-size-default\">Some studies;<\/h2>\t\t\t\t<\/div>\n\t\t\t\t<\/div>\n\t\t\t\t<div class=\"elementor-element elementor-element-8e1b8a9 ha-image-grid--masonry elementor-widget elementor-widget-ha-image-grid happy-addon ha-image-grid\" data-id=\"8e1b8a9\" data-element_type=\"widget\" data-e-type=\"widget\" data-settings=\"{&quot;layout&quot;:&quot;masonry&quot;,&quot;enable_popup&quot;:&quot;yes&quot;}\" data-widget_type=\"ha-image-grid.default\">\n\t\t\t\t\t\t<div class=\"elementor-widget-container\">\n\t\t\t\t\t\n\t\t<div class=\"ha-image-grid__wrap hajs-isotope ha-lightbox--has\">\n\t\t\t\t\t\t\t\n\t\t\t\t<a href=\"#\" data-mfp-src=\"https:\/\/welcometogelisim.org\/wp-content\/uploads\/2023\/04\/image2-8.jpg\" class=\"ha-image-grid__item ha-js-lightbox __fltr-1\">\n\t\t\t\t\t<img decoding=\"async\" width=\"768\" height=\"834\" src=\"https:\/\/welcometogelisim.org\/wp-content\/uploads\/2023\/04\/image2-8-768x834.jpg\" class=\"elementor-animation-grow\" alt=\"\" srcset=\"https:\/\/welcometogelisim.org\/wp-content\/uploads\/2023\/04\/image2-8-768x834.jpg 768w, https:\/\/welcometogelisim.org\/wp-content\/uploads\/2023\/04\/image2-8-276x300.jpg 276w, https:\/\/welcometogelisim.org\/wp-content\/uploads\/2023\/04\/image2-8.jpg 805w\" sizes=\"(max-width: 768px) 100vw, 768px\" \/>\t\t\t\t<\/a>\n\t\t\t\t\t\t\t\n\t\t\t\t<a href=\"#\" data-mfp-src=\"https:\/\/welcometogelisim.org\/wp-content\/uploads\/2023\/04\/image3-8-1024x824.jpg\" class=\"ha-image-grid__item ha-js-lightbox __fltr-1\">\n\t\t\t\t\t<img decoding=\"async\" width=\"768\" height=\"618\" src=\"https:\/\/welcometogelisim.org\/wp-content\/uploads\/2023\/04\/image3-8-768x618.jpg\" class=\"elementor-animation-grow\" alt=\"\" srcset=\"https:\/\/welcometogelisim.org\/wp-content\/uploads\/2023\/04\/image3-8-768x618.jpg 768w, https:\/\/welcometogelisim.org\/wp-content\/uploads\/2023\/04\/image3-8-300x241.jpg 300w, https:\/\/welcometogelisim.org\/wp-content\/uploads\/2023\/04\/image3-8-1024x824.jpg 1024w, https:\/\/welcometogelisim.org\/wp-content\/uploads\/2023\/04\/image3-8.jpg 1090w\" sizes=\"(max-width: 768px) 100vw, 768px\" \/>\t\t\t\t<\/a>\n\t\t\t\t\t\t\t\n\t\t\t\t<a href=\"#\" data-mfp-src=\"https:\/\/welcometogelisim.org\/wp-content\/uploads\/2023\/04\/image4-7-1024x997.jpg\" class=\"ha-image-grid__item ha-js-lightbox __fltr-1\">\n\t\t\t\t\t<img loading=\"lazy\" decoding=\"async\" width=\"768\" height=\"748\" src=\"https:\/\/welcometogelisim.org\/wp-content\/uploads\/2023\/04\/image4-7-768x748.jpg\" class=\"elementor-animation-grow\" alt=\"\" srcset=\"https:\/\/welcometogelisim.org\/wp-content\/uploads\/2023\/04\/image4-7-768x748.jpg 768w, https:\/\/welcometogelisim.org\/wp-content\/uploads\/2023\/04\/image4-7-300x292.jpg 300w, https:\/\/welcometogelisim.org\/wp-content\/uploads\/2023\/04\/image4-7-1024x997.jpg 1024w, https:\/\/welcometogelisim.org\/wp-content\/uploads\/2023\/04\/image4-7.jpg 1037w\" sizes=\"(max-width: 768px) 100vw, 768px\" \/>\t\t\t\t<\/a>\n\t\t\t\t\t\t\t\n\t\t\t\t<a href=\"#\" data-mfp-src=\"https:\/\/welcometogelisim.org\/wp-content\/uploads\/2023\/04\/image5-8.jpg\" class=\"ha-image-grid__item ha-js-lightbox __fltr-1\">\n\t\t\t\t\t<img loading=\"lazy\" decoding=\"async\" width=\"768\" height=\"791\" src=\"https:\/\/welcometogelisim.org\/wp-content\/uploads\/2023\/04\/image5-8-768x791.jpg\" class=\"elementor-animation-grow\" alt=\"\" srcset=\"https:\/\/welcometogelisim.org\/wp-content\/uploads\/2023\/04\/image5-8-768x791.jpg 768w, https:\/\/welcometogelisim.org\/wp-content\/uploads\/2023\/04\/image5-8-291x300.jpg 291w, https:\/\/welcometogelisim.org\/wp-content\/uploads\/2023\/04\/image5-8.jpg 995w\" sizes=\"(max-width: 768px) 100vw, 768px\" \/>\t\t\t\t<\/a>\n\t\t\t\t\t\t\t\n\t\t\t\t<a href=\"#\" data-mfp-src=\"https:\/\/welcometogelisim.org\/wp-content\/uploads\/2023\/04\/image6-6-1024x975.jpg\" class=\"ha-image-grid__item ha-js-lightbox __fltr-1\">\n\t\t\t\t\t<img loading=\"lazy\" decoding=\"async\" width=\"768\" height=\"731\" src=\"https:\/\/welcometogelisim.org\/wp-content\/uploads\/2023\/04\/image6-6-768x731.jpg\" class=\"elementor-animation-grow\" alt=\"\" srcset=\"https:\/\/welcometogelisim.org\/wp-content\/uploads\/2023\/04\/image6-6-768x731.jpg 768w, https:\/\/welcometogelisim.org\/wp-content\/uploads\/2023\/04\/image6-6-300x286.jpg 300w, https:\/\/welcometogelisim.org\/wp-content\/uploads\/2023\/04\/image6-6-1024x975.jpg 1024w, https:\/\/welcometogelisim.org\/wp-content\/uploads\/2023\/04\/image6-6.jpg 1527w\" sizes=\"(max-width: 768px) 100vw, 768px\" \/>\t\t\t\t<\/a>\n\t\t\t\t\t<\/div>\n\n\t\t\t\t\t\t<\/div>\n\t\t\t\t<\/div>\n\t\t\t\t\t<\/div>\n\t\t<\/div>\n\t\t\t\t\t<\/div>\n\t\t<\/section>\n\t\t\t\t<\/div>\n\t\t","protected":false},"excerpt":{"rendered":"<p>Assoc. Prof. Dr. S\u0130BEL AVCI TU\u011eAL Home Page Assoc. Prof. Dr. Sibel Avc\u0131 Tu\u011fal graduated from Istanbul Technical University, Faculty of Electrical and Electronics, Electronics and Communications Department as an Engineer. The artist has focused on &#8216;Digital Art&#8217; since 1995. Avc\u0131 worked and produced art in Canada between 2003 and 2006. He completed his master&#8217;s [&hellip;]<\/p>\n","protected":false},"author":2,"featured_media":0,"parent":0,"menu_order":0,"comment_status":"closed","ping_status":"closed","template":"","meta":{"_gspb_post_css":"","footnotes":""},"class_list":["post-1990","page","type-page","status-publish","hentry"],"_links":{"self":[{"href":"https:\/\/welcometogelisim.org\/en\/wp-json\/wp\/v2\/pages\/1990","targetHints":{"allow":["GET"]}}],"collection":[{"href":"https:\/\/welcometogelisim.org\/en\/wp-json\/wp\/v2\/pages"}],"about":[{"href":"https:\/\/welcometogelisim.org\/en\/wp-json\/wp\/v2\/types\/page"}],"author":[{"embeddable":true,"href":"https:\/\/welcometogelisim.org\/en\/wp-json\/wp\/v2\/users\/2"}],"replies":[{"embeddable":true,"href":"https:\/\/welcometogelisim.org\/en\/wp-json\/wp\/v2\/comments?post=1990"}],"version-history":[{"count":8,"href":"https:\/\/welcometogelisim.org\/en\/wp-json\/wp\/v2\/pages\/1990\/revisions"}],"predecessor-version":[{"id":1998,"href":"https:\/\/welcometogelisim.org\/en\/wp-json\/wp\/v2\/pages\/1990\/revisions\/1998"}],"wp:attachment":[{"href":"https:\/\/welcometogelisim.org\/en\/wp-json\/wp\/v2\/media?parent=1990"}],"curies":[{"name":"wp","href":"https:\/\/api.w.org\/{rel}","templated":true}]}}