{"id":1984,"date":"2023-04-14T13:37:42","date_gmt":"2023-04-14T13:37:42","guid":{"rendered":"https:\/\/welcometogelisim.org\/doc-dr-metin-kus\/"},"modified":"2023-10-19T10:22:21","modified_gmt":"2023-10-19T10:22:21","slug":"assoc-prof-dr-metin-kus","status":"publish","type":"page","link":"https:\/\/welcometogelisim.org\/en\/assoc-prof-dr-metin-kus\/","title":{"rendered":"ASSOC. PROF. DR. MET\u0130N KU\u015e"},"content":{"rendered":"\t\t<div data-elementor-type=\"wp-page\" data-elementor-id=\"1984\" class=\"elementor elementor-1984 elementor-453\" data-elementor-settings=\"{&quot;ha_cmc_init_switcher&quot;:&quot;no&quot;}\" data-elementor-post-type=\"page\">\n\t\t\t\t\t\t<section class=\"elementor-section elementor-top-section elementor-element elementor-element-e6b1780 elementor-section-height-min-height elementor-section-boxed elementor-section-height-default elementor-section-items-middle\" data-id=\"e6b1780\" data-element_type=\"section\" data-e-type=\"section\" data-settings=\"{&quot;background_background&quot;:&quot;classic&quot;,&quot;_ha_eqh_enable&quot;:false}\">\n\t\t\t\t\t\t\t<div class=\"elementor-background-overlay\"><\/div>\n\t\t\t\t\t\t\t<div class=\"elementor-container elementor-column-gap-default\">\n\t\t\t\t\t<div class=\"elementor-column elementor-col-100 elementor-top-column elementor-element elementor-element-2a87232\" data-id=\"2a87232\" data-element_type=\"column\" data-e-type=\"column\">\n\t\t\t<div class=\"elementor-widget-wrap elementor-element-populated\">\n\t\t\t\t\t\t<div class=\"elementor-element elementor-element-ac7d10c elementor-widget elementor-widget-ha-page-title happy-addon ha-page-title\" data-id=\"ac7d10c\" data-element_type=\"widget\" data-e-type=\"widget\" data-widget_type=\"ha-page-title.default\">\n\t\t\t\t\t\t<div class=\"elementor-widget-container\">\n\t\t\t\t\t<h2 class=\"ha-page-title elementor-size-default\">ASSOC. PROF. DR. MET\u0130N KU\u015e<\/h2>\t\t\t\t<\/div>\n\t\t\t\t<\/div>\n\t\t\t\t<div class=\"elementor-element elementor-element-0f6f191 elementor-widget elementor-widget-ha-breadcrumbs happy-addon ha-breadcrumbs happy-addon-pro\" data-id=\"0f6f191\" data-element_type=\"widget\" data-e-type=\"widget\" data-widget_type=\"ha-breadcrumbs.default\">\n\t\t\t\t\t\t<div class=\"elementor-widget-container\">\n\t\t\t\t\t<ul class=\"ha-breadcrumbs\"><li class=\"ha-breadcrumbs-item ha-breadcrumbs-start\"><a href=\"https:\/\/welcometogelisim.org\/en\/\" rel=\"home\"><span class=\"ha-breadcrumbs-text\"><span class=\"ha-breadcrumbs-home-icon\"><span class=\"fas fa-home\" aria-hidden=\"true\"><\/span><\/span>Home Page<\/span><\/a><\/li><\/ul>\t\t\t\t<\/div>\n\t\t\t\t<\/div>\n\t\t\t\t\t<\/div>\n\t\t<\/div>\n\t\t\t\t\t<\/div>\n\t\t<\/section>\n\t\t\t\t<section class=\"elementor-section elementor-top-section elementor-element elementor-element-1859297 elementor-section-boxed elementor-section-height-default elementor-section-height-default\" data-id=\"1859297\" data-element_type=\"section\" data-e-type=\"section\" data-settings=\"{&quot;_ha_eqh_enable&quot;:false}\">\n\t\t\t\t\t\t<div class=\"elementor-container elementor-column-gap-default\">\n\t\t\t\t\t<div class=\"elementor-column elementor-col-50 elementor-top-column elementor-element elementor-element-3c44002\" data-id=\"3c44002\" data-element_type=\"column\" data-e-type=\"column\">\n\t\t\t<div class=\"elementor-widget-wrap elementor-element-populated\">\n\t\t\t\t\t\t<div class=\"elementor-element elementor-element-042fc06 elementor-widget elementor-widget-image\" data-id=\"042fc06\" data-element_type=\"widget\" data-e-type=\"widget\" data-widget_type=\"image.default\">\n\t\t\t\t\t\t<div class=\"elementor-widget-container\">\n\t\t\t\t\t\t\t\t\t\t\t\t\t\t\t<img fetchpriority=\"high\" decoding=\"async\" width=\"718\" height=\"671\" src=\"https:\/\/welcometogelisim.org\/wp-content\/uploads\/2023\/04\/image1-5.jpg\" class=\"attachment-large size-large wp-image-1409\" alt=\"\" srcset=\"https:\/\/welcometogelisim.org\/wp-content\/uploads\/2023\/04\/image1-5.jpg 718w, https:\/\/welcometogelisim.org\/wp-content\/uploads\/2023\/04\/image1-5-300x280.jpg 300w\" sizes=\"(max-width: 718px) 100vw, 718px\" \/>\t\t\t\t\t\t\t\t\t\t\t\t\t\t\t<\/div>\n\t\t\t\t<\/div>\n\t\t\t\t\t<\/div>\n\t\t<\/div>\n\t\t\t\t<div class=\"elementor-column elementor-col-50 elementor-top-column elementor-element elementor-element-40b4d80\" data-id=\"40b4d80\" data-element_type=\"column\" data-e-type=\"column\">\n\t\t\t<div class=\"elementor-widget-wrap elementor-element-populated\">\n\t\t\t\t\t\t<div class=\"elementor-element elementor-element-3eeaa5b elementor-widget elementor-widget-text-editor\" data-id=\"3eeaa5b\" data-element_type=\"widget\" data-e-type=\"widget\" data-widget_type=\"text-editor.default\">\n\t\t\t\t\t\t<div class=\"elementor-widget-container\">\n\t\t\t\t\t\t\t\t\t<p>Metin Ku\u015f has been at the forefront with his art studies as well as his academic career. He continues his art works in his workshop in Istanbul. In his paintings, he mainly focuses on the plastic elements of visuality and expresses this process sometimes with figurative and sometimes abstract works. He produces powerful works with his own unique themes, color and composition understanding. His works are in many museums and private collections. The artist has opened many personal exhibitions at home and abroad, participated in dozens of group exhibitions and has an important place in Turkish Painting.<\/p>\t\t\t\t\t\t\t\t<\/div>\n\t\t\t\t<\/div>\n\t\t\t\t\t<\/div>\n\t\t<\/div>\n\t\t\t\t\t<\/div>\n\t\t<\/section>\n\t\t\t\t<section class=\"elementor-section elementor-top-section elementor-element elementor-element-aa39e20 elementor-section-boxed elementor-section-height-default elementor-section-height-default\" data-id=\"aa39e20\" data-element_type=\"section\" data-e-type=\"section\" data-settings=\"{&quot;_ha_eqh_enable&quot;:false}\">\n\t\t\t\t\t\t<div class=\"elementor-container elementor-column-gap-default\">\n\t\t\t\t\t<div class=\"elementor-column elementor-col-100 elementor-top-column elementor-element elementor-element-1131ecb\" data-id=\"1131ecb\" data-element_type=\"column\" data-e-type=\"column\">\n\t\t\t<div class=\"elementor-widget-wrap elementor-element-populated\">\n\t\t\t\t\t\t<div class=\"elementor-element elementor-element-d0b9e26 elementor-widget elementor-widget-heading\" data-id=\"d0b9e26\" data-element_type=\"widget\" data-e-type=\"widget\" data-widget_type=\"heading.default\">\n\t\t\t\t\t\t<div class=\"elementor-widget-container\">\n\t\t\t\t\t<h2 class=\"elementor-heading-title elementor-size-default\">Some studies;<\/h2>\t\t\t\t<\/div>\n\t\t\t\t<\/div>\n\t\t\t\t<div class=\"elementor-element elementor-element-8e1b8a9 ha-image-grid--masonry elementor-widget elementor-widget-ha-image-grid happy-addon ha-image-grid\" data-id=\"8e1b8a9\" data-element_type=\"widget\" data-e-type=\"widget\" data-settings=\"{&quot;layout&quot;:&quot;masonry&quot;,&quot;enable_popup&quot;:&quot;yes&quot;}\" data-widget_type=\"ha-image-grid.default\">\n\t\t\t\t\t\t<div class=\"elementor-widget-container\">\n\t\t\t\t\t\n\t\t<div class=\"ha-image-grid__wrap hajs-isotope ha-lightbox--has\">\n\t\t\t\t\t\t\t\n\t\t\t\t<a href=\"#\" data-mfp-src=\"https:\/\/welcometogelisim.org\/wp-content\/uploads\/2023\/04\/image2-6-931x1024.jpg\" class=\"ha-image-grid__item ha-js-lightbox __fltr-1\">\n\t\t\t\t\t<img decoding=\"async\" width=\"768\" height=\"844\" src=\"https:\/\/welcometogelisim.org\/wp-content\/uploads\/2023\/04\/image2-6-768x844.jpg\" class=\"elementor-animation-grow\" alt=\"\" srcset=\"https:\/\/welcometogelisim.org\/wp-content\/uploads\/2023\/04\/image2-6-768x844.jpg 768w, https:\/\/welcometogelisim.org\/wp-content\/uploads\/2023\/04\/image2-6-273x300.jpg 273w, https:\/\/welcometogelisim.org\/wp-content\/uploads\/2023\/04\/image2-6-931x1024.jpg 931w, https:\/\/welcometogelisim.org\/wp-content\/uploads\/2023\/04\/image2-6.jpg 984w\" sizes=\"(max-width: 768px) 100vw, 768px\" \/>\t\t\t\t<\/a>\n\t\t\t\t\t\t\t\n\t\t\t\t<a href=\"#\" data-mfp-src=\"https:\/\/welcometogelisim.org\/wp-content\/uploads\/2023\/04\/image3-6.jpg\" class=\"ha-image-grid__item ha-js-lightbox __fltr-1\">\n\t\t\t\t\t<img decoding=\"async\" width=\"768\" height=\"922\" src=\"https:\/\/welcometogelisim.org\/wp-content\/uploads\/2023\/04\/image3-6-768x922.jpg\" class=\"elementor-animation-grow\" alt=\"\" srcset=\"https:\/\/welcometogelisim.org\/wp-content\/uploads\/2023\/04\/image3-6-768x922.jpg 768w, https:\/\/welcometogelisim.org\/wp-content\/uploads\/2023\/04\/image3-6-250x300.jpg 250w, https:\/\/welcometogelisim.org\/wp-content\/uploads\/2023\/04\/image3-6.jpg 815w\" sizes=\"(max-width: 768px) 100vw, 768px\" \/>\t\t\t\t<\/a>\n\t\t\t\t\t\t\t\n\t\t\t\t<a href=\"#\" data-mfp-src=\"https:\/\/welcometogelisim.org\/wp-content\/uploads\/2023\/04\/image4-5-869x1024.jpg\" class=\"ha-image-grid__item ha-js-lightbox __fltr-1\">\n\t\t\t\t\t<img loading=\"lazy\" decoding=\"async\" width=\"768\" height=\"905\" src=\"https:\/\/welcometogelisim.org\/wp-content\/uploads\/2023\/04\/image4-5-768x905.jpg\" class=\"elementor-animation-grow\" alt=\"\" srcset=\"https:\/\/welcometogelisim.org\/wp-content\/uploads\/2023\/04\/image4-5-768x905.jpg 768w, https:\/\/welcometogelisim.org\/wp-content\/uploads\/2023\/04\/image4-5-255x300.jpg 255w, https:\/\/welcometogelisim.org\/wp-content\/uploads\/2023\/04\/image4-5-869x1024.jpg 869w, https:\/\/welcometogelisim.org\/wp-content\/uploads\/2023\/04\/image4-5.jpg 915w\" sizes=\"(max-width: 768px) 100vw, 768px\" \/>\t\t\t\t<\/a>\n\t\t\t\t\t\t\t\n\t\t\t\t<a href=\"#\" data-mfp-src=\"https:\/\/welcometogelisim.org\/wp-content\/uploads\/2023\/04\/image5-6-1024x844.jpg\" class=\"ha-image-grid__item ha-js-lightbox __fltr-1\">\n\t\t\t\t\t<img loading=\"lazy\" decoding=\"async\" width=\"768\" height=\"633\" src=\"https:\/\/welcometogelisim.org\/wp-content\/uploads\/2023\/04\/image5-6-768x633.jpg\" class=\"elementor-animation-grow\" alt=\"\" srcset=\"https:\/\/welcometogelisim.org\/wp-content\/uploads\/2023\/04\/image5-6-768x633.jpg 768w, https:\/\/welcometogelisim.org\/wp-content\/uploads\/2023\/04\/image5-6-300x247.jpg 300w, https:\/\/welcometogelisim.org\/wp-content\/uploads\/2023\/04\/image5-6-1024x844.jpg 1024w, https:\/\/welcometogelisim.org\/wp-content\/uploads\/2023\/04\/image5-6.jpg 1196w\" sizes=\"(max-width: 768px) 100vw, 768px\" \/>\t\t\t\t<\/a>\n\t\t\t\t\t\t\t\n\t\t\t\t<a href=\"#\" data-mfp-src=\"https:\/\/welcometogelisim.org\/wp-content\/uploads\/2023\/04\/image6-4-1011x1024.jpg\" class=\"ha-image-grid__item ha-js-lightbox __fltr-1\">\n\t\t\t\t\t<img loading=\"lazy\" decoding=\"async\" width=\"768\" height=\"778\" src=\"https:\/\/welcometogelisim.org\/wp-content\/uploads\/2023\/04\/image6-4-768x778.jpg\" class=\"elementor-animation-grow\" alt=\"\" srcset=\"https:\/\/welcometogelisim.org\/wp-content\/uploads\/2023\/04\/image6-4-768x778.jpg 768w, https:\/\/welcometogelisim.org\/wp-content\/uploads\/2023\/04\/image6-4-296x300.jpg 296w, https:\/\/welcometogelisim.org\/wp-content\/uploads\/2023\/04\/image6-4-1011x1024.jpg 1011w, https:\/\/welcometogelisim.org\/wp-content\/uploads\/2023\/04\/image6-4.jpg 1499w\" sizes=\"(max-width: 768px) 100vw, 768px\" \/>\t\t\t\t<\/a>\n\t\t\t\t\t<\/div>\n\n\t\t\t\t\t\t<\/div>\n\t\t\t\t<\/div>\n\t\t\t\t\t<\/div>\n\t\t<\/div>\n\t\t\t\t\t<\/div>\n\t\t<\/section>\n\t\t\t\t<\/div>\n\t\t","protected":false},"excerpt":{"rendered":"<p>ASSOC. PROF. DR. MET\u0130N KU\u015e Home Page Metin Ku\u015f has been at the forefront with his art studies as well as his academic career. He continues his art works in his workshop in Istanbul. In his paintings, he mainly focuses on the plastic elements of visuality and expresses this process sometimes with figurative and sometimes [&hellip;]<\/p>\n","protected":false},"author":2,"featured_media":0,"parent":0,"menu_order":0,"comment_status":"closed","ping_status":"closed","template":"","meta":{"_gspb_post_css":"","footnotes":""},"class_list":["post-1984","page","type-page","status-publish","hentry"],"_links":{"self":[{"href":"https:\/\/welcometogelisim.org\/en\/wp-json\/wp\/v2\/pages\/1984","targetHints":{"allow":["GET"]}}],"collection":[{"href":"https:\/\/welcometogelisim.org\/en\/wp-json\/wp\/v2\/pages"}],"about":[{"href":"https:\/\/welcometogelisim.org\/en\/wp-json\/wp\/v2\/types\/page"}],"author":[{"embeddable":true,"href":"https:\/\/welcometogelisim.org\/en\/wp-json\/wp\/v2\/users\/2"}],"replies":[{"embeddable":true,"href":"https:\/\/welcometogelisim.org\/en\/wp-json\/wp\/v2\/comments?post=1984"}],"version-history":[{"count":5,"href":"https:\/\/welcometogelisim.org\/en\/wp-json\/wp\/v2\/pages\/1984\/revisions"}],"predecessor-version":[{"id":1989,"href":"https:\/\/welcometogelisim.org\/en\/wp-json\/wp\/v2\/pages\/1984\/revisions\/1989"}],"wp:attachment":[{"href":"https:\/\/welcometogelisim.org\/en\/wp-json\/wp\/v2\/media?parent=1984"}],"curies":[{"name":"wp","href":"https:\/\/api.w.org\/{rel}","templated":true}]}}