{"id":1852,"date":"2023-09-07T21:19:45","date_gmt":"2023-09-07T21:19:45","guid":{"rendered":"https:\/\/welcometogelisim.org\/2023-2024-akademik-yili-oryantasyonu\/"},"modified":"2023-10-19T08:58:29","modified_gmt":"2023-10-19T08:58:29","slug":"2023-2024-academic-year-orientation","status":"publish","type":"page","link":"https:\/\/welcometogelisim.org\/en\/2023-2024-academic-year-orientation\/","title":{"rendered":"2023-2024 Academic Year Orientation"},"content":{"rendered":"\t\t<div data-elementor-type=\"wp-page\" data-elementor-id=\"1852\" class=\"elementor elementor-1852 elementor-1231\" data-elementor-settings=\"{&quot;ha_cmc_init_switcher&quot;:&quot;no&quot;}\" data-elementor-post-type=\"page\">\n\t\t\t\t\t\t<section class=\"elementor-section elementor-top-section elementor-element elementor-element-027241d elementor-section-boxed elementor-section-height-default elementor-section-height-default\" data-id=\"027241d\" data-element_type=\"section\" data-e-type=\"section\" data-settings=\"{&quot;_ha_eqh_enable&quot;:false}\">\n\t\t\t\t\t\t<div class=\"elementor-container elementor-column-gap-default\">\n\t\t\t\t\t<div class=\"elementor-column elementor-col-100 elementor-top-column elementor-element elementor-element-d2d86b2\" data-id=\"d2d86b2\" data-element_type=\"column\" data-e-type=\"column\">\n\t\t\t<div class=\"elementor-widget-wrap\">\n\t\t\t\t\t\t\t<\/div>\n\t\t<\/div>\n\t\t\t\t\t<\/div>\n\t\t<\/section>\n\t\t\t\t<section class=\"elementor-section elementor-top-section elementor-element elementor-element-8ccb3b2 elementor-section-boxed elementor-section-height-default elementor-section-height-default\" data-id=\"8ccb3b2\" data-element_type=\"section\" data-e-type=\"section\" data-settings=\"{&quot;_ha_eqh_enable&quot;:false}\">\n\t\t\t\t\t\t<div class=\"elementor-container elementor-column-gap-default\">\n\t\t\t\t\t<div class=\"elementor-column elementor-col-50 elementor-top-column elementor-element elementor-element-ec96369\" data-id=\"ec96369\" data-element_type=\"column\" data-e-type=\"column\">\n\t\t\t<div class=\"elementor-widget-wrap elementor-element-populated\">\n\t\t\t\t\t\t<div class=\"elementor-element elementor-element-aa37372 elementor-widget__width-initial elementor-widget elementor-widget-heading\" data-id=\"aa37372\" data-element_type=\"widget\" data-e-type=\"widget\" data-widget_type=\"heading.default\">\n\t\t\t\t\t\t<div class=\"elementor-widget-container\">\n\t\t\t\t\t<h2 class=\"elementor-heading-title elementor-size-default\">The orientation program will take place at the Mehmet Akif Ersoy Conference Hall in the Tower Campus.<\/h2>\t\t\t\t<\/div>\n\t\t\t\t<\/div>\n\t\t\t\t\t<\/div>\n\t\t<\/div>\n\t\t\t\t<div class=\"elementor-column elementor-col-50 elementor-top-column elementor-element elementor-element-46a948e\" data-id=\"46a948e\" data-element_type=\"column\" data-e-type=\"column\">\n\t\t\t<div class=\"elementor-widget-wrap elementor-element-populated\">\n\t\t\t\t\t\t<div class=\"elementor-element elementor-element-785ec9c elementor-widget elementor-widget-google_maps\" data-id=\"785ec9c\" data-element_type=\"widget\" data-e-type=\"widget\" data-widget_type=\"google_maps.default\">\n\t\t\t\t\t\t<div class=\"elementor-widget-container\">\n\t\t\t\t\t\t\t<div class=\"elementor-custom-embed\">\n\t\t\t<iframe loading=\"lazy\"\n\t\t\t\t\tsrc=\"https:\/\/maps.google.com\/maps?q=Cihangir%2C%20Avc%C4%B1lar%20%C4%B0stanbul%20TR%2C%20O%C4%9Ful%20Sk.%20No%3A10%2C%2034310%20Beylikd%C3%BCz%C3%BC%20Osb%2FBeylikd%C3%BCz%C3%BC&#038;t=m&#038;z=14&#038;output=embed&#038;iwloc=near\"\n\t\t\t\t\ttitle=\"Cihangir, Avc\u0131lar \u0130stanbul TR, O\u011ful Sk. No:10, 34310 Beylikd\u00fcz\u00fc Osb\/Beylikd\u00fcz\u00fc\"\n\t\t\t\t\taria-label=\"Cihangir, Avc\u0131lar \u0130stanbul TR, O\u011ful Sk. No:10, 34310 Beylikd\u00fcz\u00fc Osb\/Beylikd\u00fcz\u00fc\"\n\t\t\t><\/iframe>\n\t\t<\/div>\n\t\t\t\t\t\t<\/div>\n\t\t\t\t<\/div>\n\t\t\t\t\t<\/div>\n\t\t<\/div>\n\t\t\t\t\t<\/div>\n\t\t<\/section>\n\t\t\t\t<section class=\"elementor-section elementor-top-section elementor-element elementor-element-c843a5c elementor-section-boxed elementor-section-height-default elementor-section-height-default\" data-id=\"c843a5c\" data-element_type=\"section\" data-e-type=\"section\" data-settings=\"{&quot;_ha_eqh_enable&quot;:false}\">\n\t\t\t\t\t\t<div class=\"elementor-container elementor-column-gap-default\">\n\t\t\t\t\t<div class=\"elementor-column elementor-col-100 elementor-top-column elementor-element elementor-element-05885d4\" data-id=\"05885d4\" data-element_type=\"column\" data-e-type=\"column\">\n\t\t\t<div class=\"elementor-widget-wrap\">\n\t\t\t\t\t\t\t<\/div>\n\t\t<\/div>\n\t\t\t\t\t<\/div>\n\t\t<\/section>\n\t\t\t\t<\/div>\n\t\t","protected":false},"excerpt":{"rendered":"<p>The orientation program will take place at the Mehmet Akif Ersoy Conference Hall in the Tower Campus.<\/p>\n","protected":false},"author":2,"featured_media":0,"parent":0,"menu_order":0,"comment_status":"closed","ping_status":"closed","template":"","meta":{"_gspb_post_css":"","footnotes":""},"class_list":["post-1852","page","type-page","status-publish","hentry"],"_links":{"self":[{"href":"https:\/\/welcometogelisim.org\/en\/wp-json\/wp\/v2\/pages\/1852","targetHints":{"allow":["GET"]}}],"collection":[{"href":"https:\/\/welcometogelisim.org\/en\/wp-json\/wp\/v2\/pages"}],"about":[{"href":"https:\/\/welcometogelisim.org\/en\/wp-json\/wp\/v2\/types\/page"}],"author":[{"embeddable":true,"href":"https:\/\/welcometogelisim.org\/en\/wp-json\/wp\/v2\/users\/2"}],"replies":[{"embeddable":true,"href":"https:\/\/welcometogelisim.org\/en\/wp-json\/wp\/v2\/comments?post=1852"}],"version-history":[{"count":12,"href":"https:\/\/welcometogelisim.org\/en\/wp-json\/wp\/v2\/pages\/1852\/revisions"}],"predecessor-version":[{"id":1916,"href":"https:\/\/welcometogelisim.org\/en\/wp-json\/wp\/v2\/pages\/1852\/revisions\/1916"}],"wp:attachment":[{"href":"https:\/\/welcometogelisim.org\/en\/wp-json\/wp\/v2\/media?parent=1852"}],"curies":[{"name":"wp","href":"https:\/\/api.w.org\/{rel}","templated":true}]}}